{"id":1075,"date":"2025-11-28T19:59:11","date_gmt":"2025-11-28T19:59:11","guid":{"rendered":"https:\/\/zoeystoregt.com\/?post_type=product&#038;p=1075"},"modified":"2025-12-11T16:36:54","modified_gmt":"2025-12-11T16:36:54","slug":"acido-hialuronico-gel-grande-zoey-line","status":"publish","type":"product","link":"https:\/\/zoeystoregt.com\/index.php\/producto\/acido-hialuronico-gel-grande-zoey-line\/","title":{"rendered":"\u00c1cido Hialur\u00f3nico &#8211; Gel &#8211; Grande  &#8211; Zoey Line"},"content":{"rendered":"<div dir=\"auto\">\n<div dir=\"auto\">Gel de \u00e1cido hialuronico<\/div>\n<div dir=\"auto\">Ideal para la regeneraci\u00f3n de los zurcos y l\u00edneas de expresi\u00f3n<\/div>\n<div dir=\"auto\"><\/div>\n<\/div>\n<div dir=\"auto\">Tiene la capacidad para atraer y retener el agua, lo que aumenta la hidrataci\u00f3n de la piel, la hace lucir m\u00e1s tersa y radiante. Combate el envejecimiento o la piel descuidada. Util\u00edzalo de d\u00eda antes del maquillaje y en la noche despu\u00e9s de desmaquillarte.<\/div>\n","protected":false},"excerpt":{"rendered":"<p>Gel de \u00e1cido hialuronico Ideal para la regeneraci\u00f3n de los zurcos y l\u00edneas de expresi\u00f3n Tiene la capacidad para atraer y retener el agua, lo que aumenta la hidrataci\u00f3n de la piel, la hace lucir m\u00e1s tersa y radiante. Combate el envejecimiento o la piel descuidada. Util\u00edzalo de d\u00eda antes del maquillaje y en la [&hellip;]<\/p>\n","protected":false},"featured_media":1390,"comment_status":"open","ping_status":"closed","template":"","meta":[],"product_brand":[],"product_cat":[25,50],"product_tag":[],"class_list":{"0":"post-1075","1":"product","2":"type-product","3":"status-publish","4":"has-post-thumbnail","6":"product_cat-rostro","7":"product_cat-zoeyline","9":"first","10":"instock","11":"taxable","12":"shipping-taxable","13":"purchasable","14":"product-type-simple"},"_links":{"self":[{"href":"https:\/\/zoeystoregt.com\/index.php\/wp-json\/wp\/v2\/product\/1075","targetHints":{"allow":["GET"]}}],"collection":[{"href":"https:\/\/zoeystoregt.com\/index.php\/wp-json\/wp\/v2\/product"}],"about":[{"href":"https:\/\/zoeystoregt.com\/index.php\/wp-json\/wp\/v2\/types\/product"}],"replies":[{"embeddable":true,"href":"https:\/\/zoeystoregt.com\/index.php\/wp-json\/wp\/v2\/comments?post=1075"}],"wp:featuredmedia":[{"embeddable":true,"href":"https:\/\/zoeystoregt.com\/index.php\/wp-json\/wp\/v2\/media\/1390"}],"wp:attachment":[{"href":"https:\/\/zoeystoregt.com\/index.php\/wp-json\/wp\/v2\/media?parent=1075"}],"wp:term":[{"taxonomy":"product_brand","embeddable":true,"href":"https:\/\/zoeystoregt.com\/index.php\/wp-json\/wp\/v2\/product_brand?post=1075"},{"taxonomy":"product_cat","embeddable":true,"href":"https:\/\/zoeystoregt.com\/index.php\/wp-json\/wp\/v2\/product_cat?post=1075"},{"taxonomy":"product_tag","embeddable":true,"href":"https:\/\/zoeystoregt.com\/index.php\/wp-json\/wp\/v2\/product_tag?post=1075"}],"curies":[{"name":"wp","href":"https:\/\/api.w.org\/{rel}","templated":true}]}}