{"id":1077,"date":"2025-11-28T20:12:38","date_gmt":"2025-11-28T20:12:38","guid":{"rendered":"https:\/\/zoeystoregt.com\/?post_type=product&#038;p=1077"},"modified":"2026-02-06T18:51:09","modified_gmt":"2026-02-06T18:51:09","slug":"serum-pestanas-bioaqua","status":"publish","type":"product","link":"https:\/\/zoeystoregt.com\/index.php\/producto\/serum-pestanas-bioaqua\/","title":{"rendered":"Serum Pesta\u00f1as &#8211; BioAqua"},"content":{"rendered":"<h1 class=\"selectable-text copyable-text\" dir=\"ltr\"><strong>MODO DE USO<\/strong><\/h1>\n<p><strong>Paso 1.\u00a0<\/strong>Limpia el \u00e1rea de las pesta\u00f1as y cejas.<\/p>\n<p><strong>Paso 2.<\/strong>\u00a0Aplica una l\u00ednea delgada del suero a lo largo de la base de las pesta\u00f1as superiores e inferiores, como si estuvieras aplicando delineador de ojos.<\/p>\n<p><strong>Paso 3.<\/strong>\u00a0Tambi\u00e9n puedes aplicar una l\u00ednea fina en las cejas limpias para lograr un efecto de cejas m\u00e1s gruesas.<\/p>\n<p><strong>Paso 4.<\/strong>\u00a0Se recomienda usarlo todas las ma\u00f1anas y noches para obtener mejores resultados.<\/p>\n","protected":false},"excerpt":{"rendered":"<p>MODO DE USO Paso 1.\u00a0Limpia el \u00e1rea de las pesta\u00f1as y cejas. Paso 2.\u00a0Aplica una l\u00ednea delgada del suero a lo largo de la base de las pesta\u00f1as superiores e inferiores, como si estuvieras aplicando delineador de ojos. Paso 3.\u00a0Tambi\u00e9n puedes aplicar una l\u00ednea fina en las cejas limpias para lograr un efecto de cejas [&hellip;]<\/p>\n","protected":false},"featured_media":1078,"comment_status":"open","ping_status":"closed","template":"","meta":[],"product_brand":[],"product_cat":[47,22],"product_tag":[],"class_list":{"0":"post-1077","1":"product","2":"type-product","3":"status-publish","4":"has-post-thumbnail","6":"product_cat-serum","7":"product_cat-ojos","9":"first","10":"instock","11":"taxable","12":"shipping-taxable","13":"purchasable","14":"product-type-simple"},"_links":{"self":[{"href":"https:\/\/zoeystoregt.com\/index.php\/wp-json\/wp\/v2\/product\/1077","targetHints":{"allow":["GET"]}}],"collection":[{"href":"https:\/\/zoeystoregt.com\/index.php\/wp-json\/wp\/v2\/product"}],"about":[{"href":"https:\/\/zoeystoregt.com\/index.php\/wp-json\/wp\/v2\/types\/product"}],"replies":[{"embeddable":true,"href":"https:\/\/zoeystoregt.com\/index.php\/wp-json\/wp\/v2\/comments?post=1077"}],"wp:featuredmedia":[{"embeddable":true,"href":"https:\/\/zoeystoregt.com\/index.php\/wp-json\/wp\/v2\/media\/1078"}],"wp:attachment":[{"href":"https:\/\/zoeystoregt.com\/index.php\/wp-json\/wp\/v2\/media?parent=1077"}],"wp:term":[{"taxonomy":"product_brand","embeddable":true,"href":"https:\/\/zoeystoregt.com\/index.php\/wp-json\/wp\/v2\/product_brand?post=1077"},{"taxonomy":"product_cat","embeddable":true,"href":"https:\/\/zoeystoregt.com\/index.php\/wp-json\/wp\/v2\/product_cat?post=1077"},{"taxonomy":"product_tag","embeddable":true,"href":"https:\/\/zoeystoregt.com\/index.php\/wp-json\/wp\/v2\/product_tag?post=1077"}],"curies":[{"name":"wp","href":"https:\/\/api.w.org\/{rel}","templated":true}]}}