{"id":1183,"date":"2025-12-03T20:37:53","date_gmt":"2025-12-03T20:37:53","guid":{"rendered":"https:\/\/zoeystoregt.com\/?post_type=product&#038;p=1183"},"modified":"2025-12-09T15:57:59","modified_gmt":"2025-12-09T15:57:59","slug":"plantillas-para-sombras-expert-kit-trendy","status":"publish","type":"product","link":"https:\/\/zoeystoregt.com\/index.php\/producto\/plantillas-para-sombras-expert-kit-trendy\/","title":{"rendered":"Plantillas Para Sombras Expert Kit &#8211; Trendy"},"content":{"rendered":"<p>Crea looks de ojos dignos de un profesional con las Plantillas Para Sombras Expert Kit de Trendy. Estas plantillas innovadoras hacen que la aplicaci\u00f3n de las sombras sea f\u00e1cil y precisa, adapt\u00e1ndose a todas las formas y tama\u00f1os del p\u00e1rpado. Con un mango ergon\u00f3mico y una variedad de formas de pliegue, son reutilizables y f\u00e1ciles de limpiar. \u00a1Eleva tu juego de maquillaje de ojos con estas plantillas vers\u00e1tiles y pr\u00e1cticas!<\/p>\n","protected":false},"excerpt":{"rendered":"<p>Crea looks de ojos dignos de un profesional con las Plantillas Para Sombras Expert Kit de Trendy. Estas plantillas innovadoras hacen que la aplicaci\u00f3n de las sombras sea f\u00e1cil y precisa, adapt\u00e1ndose a todas las formas y tama\u00f1os del p\u00e1rpado. Con un mango ergon\u00f3mico y una variedad de formas de pliegue, son reutilizables y f\u00e1ciles [&hellip;]<\/p>\n","protected":false},"featured_media":1178,"comment_status":"open","ping_status":"closed","template":"","meta":[],"product_brand":[],"product_cat":[64],"product_tag":[],"class_list":{"0":"post-1183","1":"product","2":"type-product","3":"status-publish","4":"has-post-thumbnail","6":"product_cat-accesorios","8":"first","9":"instock","10":"taxable","11":"shipping-taxable","12":"purchasable","13":"product-type-simple"},"_links":{"self":[{"href":"https:\/\/zoeystoregt.com\/index.php\/wp-json\/wp\/v2\/product\/1183","targetHints":{"allow":["GET"]}}],"collection":[{"href":"https:\/\/zoeystoregt.com\/index.php\/wp-json\/wp\/v2\/product"}],"about":[{"href":"https:\/\/zoeystoregt.com\/index.php\/wp-json\/wp\/v2\/types\/product"}],"replies":[{"embeddable":true,"href":"https:\/\/zoeystoregt.com\/index.php\/wp-json\/wp\/v2\/comments?post=1183"}],"wp:featuredmedia":[{"embeddable":true,"href":"https:\/\/zoeystoregt.com\/index.php\/wp-json\/wp\/v2\/media\/1178"}],"wp:attachment":[{"href":"https:\/\/zoeystoregt.com\/index.php\/wp-json\/wp\/v2\/media?parent=1183"}],"wp:term":[{"taxonomy":"product_brand","embeddable":true,"href":"https:\/\/zoeystoregt.com\/index.php\/wp-json\/wp\/v2\/product_brand?post=1183"},{"taxonomy":"product_cat","embeddable":true,"href":"https:\/\/zoeystoregt.com\/index.php\/wp-json\/wp\/v2\/product_cat?post=1183"},{"taxonomy":"product_tag","embeddable":true,"href":"https:\/\/zoeystoregt.com\/index.php\/wp-json\/wp\/v2\/product_tag?post=1183"}],"curies":[{"name":"wp","href":"https:\/\/api.w.org\/{rel}","templated":true}]}}