{"id":1184,"date":"2025-12-04T15:50:43","date_gmt":"2025-12-04T15:50:43","guid":{"rendered":"https:\/\/zoeystoregt.com\/?post_type=product&#038;p=1184"},"modified":"2025-12-04T15:50:43","modified_gmt":"2025-12-04T15:50:43","slug":"kit-de-6-sombras-liquidas-comsic-trendy","status":"publish","type":"product","link":"https:\/\/zoeystoregt.com\/index.php\/producto\/kit-de-6-sombras-liquidas-comsic-trendy\/","title":{"rendered":"Kit de 6 sombras liquidas &#8211; Comsic &#8211; Trendy"},"content":{"rendered":"<p>El Kit x 6 Sombras L\u00edquidas Cosmic Trendy son s\u00faper f\u00e1ciles de aplicar, vienen con glitter, de alta pigmentaci\u00f3n y secado r\u00e1pido. Tienen aplicador tipo labial.<\/p>\n","protected":false},"excerpt":{"rendered":"<p>El Kit x 6 Sombras L\u00edquidas Cosmic Trendy son s\u00faper f\u00e1ciles de aplicar, vienen con glitter, de alta pigmentaci\u00f3n y secado r\u00e1pido. Tienen aplicador tipo labial.<\/p>\n","protected":false},"featured_media":1186,"comment_status":"open","ping_status":"closed","template":"","meta":[],"product_brand":[],"product_cat":[59,27],"product_tag":[],"class_list":{"0":"post-1184","1":"product","2":"type-product","3":"status-publish","4":"has-post-thumbnail","6":"product_cat-sombras","7":"product_cat-maquillaje","9":"first","10":"instock","11":"taxable","12":"shipping-taxable","13":"purchasable","14":"product-type-simple"},"_links":{"self":[{"href":"https:\/\/zoeystoregt.com\/index.php\/wp-json\/wp\/v2\/product\/1184","targetHints":{"allow":["GET"]}}],"collection":[{"href":"https:\/\/zoeystoregt.com\/index.php\/wp-json\/wp\/v2\/product"}],"about":[{"href":"https:\/\/zoeystoregt.com\/index.php\/wp-json\/wp\/v2\/types\/product"}],"replies":[{"embeddable":true,"href":"https:\/\/zoeystoregt.com\/index.php\/wp-json\/wp\/v2\/comments?post=1184"}],"wp:featuredmedia":[{"embeddable":true,"href":"https:\/\/zoeystoregt.com\/index.php\/wp-json\/wp\/v2\/media\/1186"}],"wp:attachment":[{"href":"https:\/\/zoeystoregt.com\/index.php\/wp-json\/wp\/v2\/media?parent=1184"}],"wp:term":[{"taxonomy":"product_brand","embeddable":true,"href":"https:\/\/zoeystoregt.com\/index.php\/wp-json\/wp\/v2\/product_brand?post=1184"},{"taxonomy":"product_cat","embeddable":true,"href":"https:\/\/zoeystoregt.com\/index.php\/wp-json\/wp\/v2\/product_cat?post=1184"},{"taxonomy":"product_tag","embeddable":true,"href":"https:\/\/zoeystoregt.com\/index.php\/wp-json\/wp\/v2\/product_tag?post=1184"}],"curies":[{"name":"wp","href":"https:\/\/api.w.org\/{rel}","templated":true}]}}