{"id":1243,"date":"2025-12-05T15:33:29","date_gmt":"2025-12-05T15:33:29","guid":{"rendered":"https:\/\/zoeystoregt.com\/?post_type=product&#038;p=1243"},"modified":"2025-12-05T15:33:29","modified_gmt":"2025-12-05T15:33:29","slug":"kit-piel-grasa-zoeyline","status":"publish","type":"product","link":"https:\/\/zoeystoregt.com\/index.php\/producto\/kit-piel-grasa-zoeyline\/","title":{"rendered":"Kit Piel Grasa &#8211; Zoeyline"},"content":{"rendered":"<div dir=\"auto\">Incluye 5 productos<\/div>\n<div dir=\"auto\">Orden de aplicaci\u00f3n<\/div>\n<div dir=\"auto\"><span class=\"html-span xexx8yu xyri2b x18d9i69 x1c1uobl x1hl2dhg x16tdsg8 x1vvkbs x3nfvp2 x1j61x8r x1fcty0u xdj266r xat24cr xm2jcoa x1mpyi22 xxymvpz xlup9mm x1kky2od\"><img loading=\"lazy\" decoding=\"async\" class=\"xz74otr x15mokao x1ga7v0g x16uus16 xbiv7yw\" src=\"https:\/\/static.xx.fbcdn.net\/images\/emoji.php\/v9\/t6c\/1\/16\/2764.png\" alt=\"\u2764\ufe0f\" width=\"16\" height=\"16\" \/><\/span>Limpia con agua micelar<\/div>\n<div dir=\"auto\"><span class=\"html-span xexx8yu xyri2b x18d9i69 x1c1uobl x1hl2dhg x16tdsg8 x1vvkbs x3nfvp2 x1j61x8r x1fcty0u xdj266r xat24cr xm2jcoa x1mpyi22 xxymvpz xlup9mm x1kky2od\"><img loading=\"lazy\" decoding=\"async\" class=\"xz74otr x15mokao x1ga7v0g x16uus16 xbiv7yw\" src=\"https:\/\/static.xx.fbcdn.net\/images\/emoji.php\/v9\/t6c\/1\/16\/2764.png\" alt=\"\u2764\ufe0f\" width=\"16\" height=\"16\" \/><\/span>Aplica spray primer menta y Eucalipto<\/div>\n<div dir=\"auto\"><span class=\"html-span xexx8yu xyri2b x18d9i69 x1c1uobl x1hl2dhg x16tdsg8 x1vvkbs x3nfvp2 x1j61x8r x1fcty0u xdj266r xat24cr xm2jcoa x1mpyi22 xxymvpz xlup9mm x1kky2od\"><img loading=\"lazy\" decoding=\"async\" class=\"xz74otr x15mokao x1ga7v0g x16uus16 xbiv7yw\" src=\"https:\/\/static.xx.fbcdn.net\/images\/emoji.php\/v9\/t6c\/1\/16\/2764.png\" alt=\"\u2764\ufe0f\" width=\"16\" height=\"16\" \/><\/span>Aplica contorno de ojos<\/div>\n<div dir=\"auto\"><span class=\"html-span xexx8yu xyri2b x18d9i69 x1c1uobl x1hl2dhg x16tdsg8 x1vvkbs x3nfvp2 x1j61x8r x1fcty0u xdj266r xat24cr xm2jcoa x1mpyi22 xxymvpz xlup9mm x1kky2od\"><img loading=\"lazy\" decoding=\"async\" class=\"xz74otr x15mokao x1ga7v0g x16uus16 xbiv7yw\" src=\"https:\/\/static.xx.fbcdn.net\/images\/emoji.php\/v9\/t6c\/1\/16\/2764.png\" alt=\"\u2764\ufe0f\" width=\"16\" height=\"16\" \/><\/span>Aplica s\u00e9rum menta y eucalipto<\/div>\n<div dir=\"auto\"><span class=\"html-span xexx8yu xyri2b x18d9i69 x1c1uobl x1hl2dhg x16tdsg8 x1vvkbs x3nfvp2 x1j61x8r x1fcty0u xdj266r xat24cr xm2jcoa x1mpyi22 xxymvpz xlup9mm x1kky2od\"><img loading=\"lazy\" decoding=\"async\" class=\"xz74otr x15mokao x1ga7v0g x16uus16 xbiv7yw\" src=\"https:\/\/static.xx.fbcdn.net\/images\/emoji.php\/v9\/t6c\/1\/16\/2764.png\" alt=\"\u2764\ufe0f\" width=\"16\" height=\"16\" \/><\/span>Por \u00faltimo crema a base de agua menta y eucalipto<\/div>\n<div dir=\"auto\">Para mejores resultados aplica este kit d\u00eda y noche<\/div>\n","protected":false},"excerpt":{"rendered":"<p>Incluye 5 productos Orden de aplicaci\u00f3n Limpia con agua micelar Aplica spray primer menta y Eucalipto Aplica contorno de ojos Aplica s\u00e9rum menta y eucalipto Por \u00faltimo crema a base de agua menta y eucalipto Para mejores resultados aplica este kit d\u00eda y noche<\/p>\n","protected":false},"featured_media":1246,"comment_status":"open","ping_status":"closed","template":"","meta":[],"product_brand":[],"product_cat":[32],"product_tag":[],"class_list":{"0":"post-1243","1":"product","2":"type-product","3":"status-publish","4":"has-post-thumbnail","6":"product_cat-combos","8":"first","9":"instock","10":"taxable","11":"shipping-taxable","12":"purchasable","13":"product-type-simple"},"_links":{"self":[{"href":"https:\/\/zoeystoregt.com\/index.php\/wp-json\/wp\/v2\/product\/1243","targetHints":{"allow":["GET"]}}],"collection":[{"href":"https:\/\/zoeystoregt.com\/index.php\/wp-json\/wp\/v2\/product"}],"about":[{"href":"https:\/\/zoeystoregt.com\/index.php\/wp-json\/wp\/v2\/types\/product"}],"replies":[{"embeddable":true,"href":"https:\/\/zoeystoregt.com\/index.php\/wp-json\/wp\/v2\/comments?post=1243"}],"wp:featuredmedia":[{"embeddable":true,"href":"https:\/\/zoeystoregt.com\/index.php\/wp-json\/wp\/v2\/media\/1246"}],"wp:attachment":[{"href":"https:\/\/zoeystoregt.com\/index.php\/wp-json\/wp\/v2\/media?parent=1243"}],"wp:term":[{"taxonomy":"product_brand","embeddable":true,"href":"https:\/\/zoeystoregt.com\/index.php\/wp-json\/wp\/v2\/product_brand?post=1243"},{"taxonomy":"product_cat","embeddable":true,"href":"https:\/\/zoeystoregt.com\/index.php\/wp-json\/wp\/v2\/product_cat?post=1243"},{"taxonomy":"product_tag","embeddable":true,"href":"https:\/\/zoeystoregt.com\/index.php\/wp-json\/wp\/v2\/product_tag?post=1243"}],"curies":[{"name":"wp","href":"https:\/\/api.w.org\/{rel}","templated":true}]}}