{"id":125,"date":"2025-11-04T15:48:25","date_gmt":"2025-11-04T15:48:25","guid":{"rendered":"https:\/\/zoeystoregt.com\/?post_type=product&#038;p=125"},"modified":"2025-11-27T14:54:21","modified_gmt":"2025-11-27T14:54:21","slug":"serum-rescue","status":"publish","type":"product","link":"https:\/\/zoeystoregt.com\/index.php\/producto\/serum-rescue\/","title":{"rendered":"S\u00e9rum &#8211; Rescue &#8211; Zoey Line"},"content":{"rendered":"<div dir=\"auto\">30ml<\/div>\n<div dir=\"auto\"><\/div>\n<div dir=\"auto\">Contiene \u00c1cido hialur\u00f3nico<\/div>\n<div dir=\"auto\"><span class=\"html-span xexx8yu xyri2b x18d9i69 x1c1uobl x1hl2dhg x16tdsg8 x1vvkbs x3nfvp2 x1j61x8r x1fcty0u xdj266r xat24cr xm2jcoa x1mpyi22 xxymvpz xlup9mm x1kky2od\"><img loading=\"lazy\" decoding=\"async\" class=\"xz74otr x15mokao x1ga7v0g x16uus16 xbiv7yw\" src=\"https:\/\/static.xx.fbcdn.net\/images\/emoji.php\/v9\/t71\/1\/16\/1f339.png\" alt=\"\ud83c\udf39\" width=\"16\" height=\"16\" \/><\/span>Poder antioxidante y antienvejecimiento<span class=\"html-span xexx8yu xyri2b x18d9i69 x1c1uobl x1hl2dhg x16tdsg8 x1vvkbs x3nfvp2 x1j61x8r x1fcty0u xdj266r xat24cr xm2jcoa x1mpyi22 xxymvpz xlup9mm x1kky2od\"><img loading=\"lazy\" decoding=\"async\" class=\"xz74otr x15mokao x1ga7v0g x16uus16 xbiv7yw\" src=\"https:\/\/static.xx.fbcdn.net\/images\/emoji.php\/v9\/t71\/1\/16\/1f339.png\" alt=\"\ud83c\udf39\" width=\"16\" height=\"16\" \/><\/span><\/div>\n<div dir=\"auto\">Al estar compuesto principalmente por \u00e1cidos grasos esenciales como son el \u00e1cido linoleico (omega 6) y linol\u00e9nico (omega 3), antioxidantes y vitaminas A, C y E, tiene un enorme poder contra los radicales libres causantes del envejecimiento cut\u00e1neo, por ello es un potente producto antiedad que combate la aparici\u00f3n de las arrugas y reduce las manchas producidas por la exposici\u00f3n solar.<\/div>\n","protected":false},"excerpt":{"rendered":"<p>30ml Contiene \u00c1cido hialur\u00f3nico Poder antioxidante y antienvejecimiento Al estar compuesto principalmente por \u00e1cidos grasos esenciales como son el \u00e1cido linoleico (omega 6) y linol\u00e9nico (omega 3), antioxidantes y vitaminas A, C y E, tiene un enorme poder contra los radicales libres causantes del envejecimiento cut\u00e1neo, por ello es un potente producto antiedad que combate [&hellip;]<\/p>\n","protected":false},"featured_media":126,"comment_status":"open","ping_status":"closed","template":"","meta":[],"product_brand":[],"product_cat":[55,47,50],"product_tag":[],"class_list":{"0":"post-125","1":"product","2":"type-product","3":"status-publish","4":"has-post-thumbnail","6":"product_cat-rosas","7":"product_cat-serum","8":"product_cat-zoeyline","10":"first","11":"instock","12":"taxable","13":"shipping-taxable","14":"purchasable","15":"product-type-simple"},"_links":{"self":[{"href":"https:\/\/zoeystoregt.com\/index.php\/wp-json\/wp\/v2\/product\/125","targetHints":{"allow":["GET"]}}],"collection":[{"href":"https:\/\/zoeystoregt.com\/index.php\/wp-json\/wp\/v2\/product"}],"about":[{"href":"https:\/\/zoeystoregt.com\/index.php\/wp-json\/wp\/v2\/types\/product"}],"replies":[{"embeddable":true,"href":"https:\/\/zoeystoregt.com\/index.php\/wp-json\/wp\/v2\/comments?post=125"}],"wp:featuredmedia":[{"embeddable":true,"href":"https:\/\/zoeystoregt.com\/index.php\/wp-json\/wp\/v2\/media\/126"}],"wp:attachment":[{"href":"https:\/\/zoeystoregt.com\/index.php\/wp-json\/wp\/v2\/media?parent=125"}],"wp:term":[{"taxonomy":"product_brand","embeddable":true,"href":"https:\/\/zoeystoregt.com\/index.php\/wp-json\/wp\/v2\/product_brand?post=125"},{"taxonomy":"product_cat","embeddable":true,"href":"https:\/\/zoeystoregt.com\/index.php\/wp-json\/wp\/v2\/product_cat?post=125"},{"taxonomy":"product_tag","embeddable":true,"href":"https:\/\/zoeystoregt.com\/index.php\/wp-json\/wp\/v2\/product_tag?post=125"}],"curies":[{"name":"wp","href":"https:\/\/api.w.org\/{rel}","templated":true}]}}