{"id":127,"date":"2025-11-04T16:12:39","date_gmt":"2025-11-04T16:12:39","guid":{"rendered":"https:\/\/zoeystoregt.com\/?post_type=product&#038;p=127"},"modified":"2025-11-27T14:54:16","modified_gmt":"2025-11-27T14:54:16","slug":"serum-vitamina-e","status":"publish","type":"product","link":"https:\/\/zoeystoregt.com\/index.php\/producto\/serum-vitamina-e\/","title":{"rendered":"S\u00e9rum &#8211; Vitamina E &#8211; Zoey Line"},"content":{"rendered":"<div class=\"xdj266r x14z9mp xat24cr x1lziwak x1vvkbs x126k92a\">\n<div dir=\"auto\">El cuidado de la piel que incorpora la vitamina E complementa el proceso de renovaci\u00f3n celular de la piel para mejorar visiblemente el tono y la textura de la piel y reducir al mismo tiempo el aspecto de la piel opaca y las manchas oscuras. El resultado es una piel m\u00e1s radiante y despierta.<\/div>\n<\/div>\n<div class=\"x14z9mp xat24cr x1lziwak x1vvkbs xtlvy1s x126k92a\">\n<div dir=\"auto\">La vitamina E es beneficiosa para tu piel al protegerla de los radicales libres que pueden da\u00f1ar las c\u00e9lulas y causar envejecimiento prematuro. Te expones a los radicales libre en tu vida diaria en forma de poluci\u00f3n del aire, humo de cigarrillos y da\u00f1os provocados por los rayos UV del sol. El uso de vitamina E ofrece un escudo protector contra estos elementos.<\/div>\n<\/div>\n","protected":false},"excerpt":{"rendered":"<p>El cuidado de la piel que incorpora la vitamina E complementa el proceso de renovaci\u00f3n celular de la piel para mejorar visiblemente el tono y la textura de la piel y reducir al mismo tiempo el aspecto de la piel opaca y las manchas oscuras. El resultado es una piel m\u00e1s radiante y despierta. La [&hellip;]<\/p>\n","protected":false},"featured_media":128,"comment_status":"open","ping_status":"closed","template":"","meta":[],"product_brand":[],"product_cat":[47,50],"product_tag":[],"class_list":{"0":"post-127","1":"product","2":"type-product","3":"status-publish","4":"has-post-thumbnail","6":"product_cat-serum","7":"product_cat-zoeyline","9":"first","10":"instock","11":"taxable","12":"shipping-taxable","13":"purchasable","14":"product-type-simple"},"_links":{"self":[{"href":"https:\/\/zoeystoregt.com\/index.php\/wp-json\/wp\/v2\/product\/127","targetHints":{"allow":["GET"]}}],"collection":[{"href":"https:\/\/zoeystoregt.com\/index.php\/wp-json\/wp\/v2\/product"}],"about":[{"href":"https:\/\/zoeystoregt.com\/index.php\/wp-json\/wp\/v2\/types\/product"}],"replies":[{"embeddable":true,"href":"https:\/\/zoeystoregt.com\/index.php\/wp-json\/wp\/v2\/comments?post=127"}],"wp:featuredmedia":[{"embeddable":true,"href":"https:\/\/zoeystoregt.com\/index.php\/wp-json\/wp\/v2\/media\/128"}],"wp:attachment":[{"href":"https:\/\/zoeystoregt.com\/index.php\/wp-json\/wp\/v2\/media?parent=127"}],"wp:term":[{"taxonomy":"product_brand","embeddable":true,"href":"https:\/\/zoeystoregt.com\/index.php\/wp-json\/wp\/v2\/product_brand?post=127"},{"taxonomy":"product_cat","embeddable":true,"href":"https:\/\/zoeystoregt.com\/index.php\/wp-json\/wp\/v2\/product_cat?post=127"},{"taxonomy":"product_tag","embeddable":true,"href":"https:\/\/zoeystoregt.com\/index.php\/wp-json\/wp\/v2\/product_tag?post=127"}],"curies":[{"name":"wp","href":"https:\/\/api.w.org\/{rel}","templated":true}]}}