{"id":129,"date":"2025-11-04T16:16:45","date_gmt":"2025-11-04T16:16:45","guid":{"rendered":"https:\/\/zoeystoregt.com\/?post_type=product&#038;p=129"},"modified":"2025-11-27T14:54:12","modified_gmt":"2025-11-27T14:54:12","slug":"serum-24k-luxury-gold","status":"publish","type":"product","link":"https:\/\/zoeystoregt.com\/index.php\/producto\/serum-24k-luxury-gold\/","title":{"rendered":"Serum &#8211; 24k Luxury Gold &#8211; Zoey Line"},"content":{"rendered":"<div class=\"xdj266r x14z9mp xat24cr x1lziwak x1vvkbs x126k92a\">\n<div dir=\"auto\">Es un producto de cuidado de la piel dise\u00f1ado para hidratar, combatir las arrugas y mejorar la elasticidad y el tono de la piel. Su f\u00f3rmula est\u00e1 enriquecida con oro de 24 quilates, conocido por sus propiedades antioxidantes y rejuvenecedoras.<\/div>\n<\/div>\n<div class=\"x14z9mp xat24cr x1lziwak x1vvkbs xtlvy1s x126k92a\">\n<div dir=\"auto\">Caracter\u00edsticas<\/div>\n<div dir=\"auto\">Beneficios: Hidrata la piel, reduce la apariencia de arrugas, mejora la elasticidad y el tono de la piel, aporta luminosidad.<\/div>\n<div dir=\"auto\">Tipo de piel: Apto para todo tipo de pieles.<\/div>\n<div dir=\"auto\">Presentaci\u00f3n: Frasco con gotero de 30 ml.<\/div>\n<div dir=\"auto\">Modo de uso:<\/div>\n<div dir=\"auto\">Limpia y tonifica tu rostro.<\/div>\n<div dir=\"auto\">Aplica unas gotas del suero sobre la piel.<\/div>\n<div dir=\"auto\">Masajea suavemente con movimientos circulares hasta su completa absorci\u00f3n.<\/div>\n<div dir=\"auto\">\u00dasalo por la ma\u00f1ana y por la noche para obtener mejores resultados.<\/div>\n<\/div>\n","protected":false},"excerpt":{"rendered":"<p>Es un producto de cuidado de la piel dise\u00f1ado para hidratar, combatir las arrugas y mejorar la elasticidad y el tono de la piel. Su f\u00f3rmula est\u00e1 enriquecida con oro de 24 quilates, conocido por sus propiedades antioxidantes y rejuvenecedoras. Caracter\u00edsticas Beneficios: Hidrata la piel, reduce la apariencia de arrugas, mejora la elasticidad y el [&hellip;]<\/p>\n","protected":false},"featured_media":130,"comment_status":"open","ping_status":"closed","template":"","meta":[],"product_brand":[],"product_cat":[47,50],"product_tag":[],"class_list":{"0":"post-129","1":"product","2":"type-product","3":"status-publish","4":"has-post-thumbnail","6":"product_cat-serum","7":"product_cat-zoeyline","9":"first","10":"instock","11":"taxable","12":"shipping-taxable","13":"purchasable","14":"product-type-simple"},"_links":{"self":[{"href":"https:\/\/zoeystoregt.com\/index.php\/wp-json\/wp\/v2\/product\/129","targetHints":{"allow":["GET"]}}],"collection":[{"href":"https:\/\/zoeystoregt.com\/index.php\/wp-json\/wp\/v2\/product"}],"about":[{"href":"https:\/\/zoeystoregt.com\/index.php\/wp-json\/wp\/v2\/types\/product"}],"replies":[{"embeddable":true,"href":"https:\/\/zoeystoregt.com\/index.php\/wp-json\/wp\/v2\/comments?post=129"}],"wp:featuredmedia":[{"embeddable":true,"href":"https:\/\/zoeystoregt.com\/index.php\/wp-json\/wp\/v2\/media\/130"}],"wp:attachment":[{"href":"https:\/\/zoeystoregt.com\/index.php\/wp-json\/wp\/v2\/media?parent=129"}],"wp:term":[{"taxonomy":"product_brand","embeddable":true,"href":"https:\/\/zoeystoregt.com\/index.php\/wp-json\/wp\/v2\/product_brand?post=129"},{"taxonomy":"product_cat","embeddable":true,"href":"https:\/\/zoeystoregt.com\/index.php\/wp-json\/wp\/v2\/product_cat?post=129"},{"taxonomy":"product_tag","embeddable":true,"href":"https:\/\/zoeystoregt.com\/index.php\/wp-json\/wp\/v2\/product_tag?post=129"}],"curies":[{"name":"wp","href":"https:\/\/api.w.org\/{rel}","templated":true}]}}