{"id":134,"date":"2025-11-04T16:27:33","date_gmt":"2025-11-04T16:27:33","guid":{"rendered":"https:\/\/zoeystoregt.com\/?post_type=product&#038;p=134"},"modified":"2025-11-27T14:54:03","modified_gmt":"2025-11-27T14:54:03","slug":"contorno-de-ojos","status":"publish","type":"product","link":"https:\/\/zoeystoregt.com\/index.php\/producto\/contorno-de-ojos\/","title":{"rendered":"Contorno de Ojos &#8211; Zoey Line"},"content":{"rendered":"<p>La piel del contorno de ojos es entre 5 y 10 veces m\u00e1s fina que la piel de otras zonas del rostro, no tiene tantas capas y por tanto es m\u00e1s sensible a los agentes externos el sol, el fr\u00edo, el viento, las l\u00e1grimas, el maquillaje\u2026 Imagina la cantidad de cosas que agreden a los ojos a lo largo del d\u00eda\u2026 por no hablar de la veces que nos frotamos los ojos y tocamos esa zona con los dedos sucios. El hecho de ser diez veces m\u00e1s fina que la del resto del cuerpo, y 5 veces mas que la del resto del la cara, se debe a que tiene menos contendido en gl\u00e1ndulas seb\u00e1ceas y menos fibras de col\u00e1geno y elastina. Por eso que aplica contornos formulados para potenciar la producci\u00f3n col\u00e1geno y elastina, y mantener la zona hidratada y protegida<\/p>\n","protected":false},"excerpt":{"rendered":"<p>La piel del contorno de ojos es entre 5 y 10 veces m\u00e1s fina que la piel de otras zonas del rostro, no tiene tantas capas y por tanto es m\u00e1s sensible a los agentes externos el sol, el fr\u00edo, el viento, las l\u00e1grimas, el maquillaje\u2026 Imagina la cantidad de cosas que agreden a los [&hellip;]<\/p>\n","protected":false},"featured_media":135,"comment_status":"open","ping_status":"closed","template":"","meta":[],"product_brand":[],"product_cat":[50],"product_tag":[],"class_list":{"0":"post-134","1":"product","2":"type-product","3":"status-publish","4":"has-post-thumbnail","6":"product_cat-zoeyline","8":"first","9":"instock","10":"taxable","11":"shipping-taxable","12":"purchasable","13":"product-type-simple"},"_links":{"self":[{"href":"https:\/\/zoeystoregt.com\/index.php\/wp-json\/wp\/v2\/product\/134","targetHints":{"allow":["GET"]}}],"collection":[{"href":"https:\/\/zoeystoregt.com\/index.php\/wp-json\/wp\/v2\/product"}],"about":[{"href":"https:\/\/zoeystoregt.com\/index.php\/wp-json\/wp\/v2\/types\/product"}],"replies":[{"embeddable":true,"href":"https:\/\/zoeystoregt.com\/index.php\/wp-json\/wp\/v2\/comments?post=134"}],"wp:featuredmedia":[{"embeddable":true,"href":"https:\/\/zoeystoregt.com\/index.php\/wp-json\/wp\/v2\/media\/135"}],"wp:attachment":[{"href":"https:\/\/zoeystoregt.com\/index.php\/wp-json\/wp\/v2\/media?parent=134"}],"wp:term":[{"taxonomy":"product_brand","embeddable":true,"href":"https:\/\/zoeystoregt.com\/index.php\/wp-json\/wp\/v2\/product_brand?post=134"},{"taxonomy":"product_cat","embeddable":true,"href":"https:\/\/zoeystoregt.com\/index.php\/wp-json\/wp\/v2\/product_cat?post=134"},{"taxonomy":"product_tag","embeddable":true,"href":"https:\/\/zoeystoregt.com\/index.php\/wp-json\/wp\/v2\/product_tag?post=134"}],"curies":[{"name":"wp","href":"https:\/\/api.w.org\/{rel}","templated":true}]}}