{"id":1371,"date":"2025-12-10T20:31:44","date_gmt":"2025-12-10T20:31:44","guid":{"rendered":"https:\/\/zoeystoregt.com\/index.php\/producto\/perfume-green-acqua-di-fiori\/"},"modified":"2025-12-15T16:43:35","modified_gmt":"2025-12-15T16:43:35","slug":"perfume-green-acqua-di-fiori","status":"publish","type":"product","link":"https:\/\/zoeystoregt.com\/index.php\/producto\/perfume-green-acqua-di-fiori\/","title":{"rendered":"Perfume Green &#8211; Acqua Di Fiori"},"content":{"rendered":"<p>Perfume de 100ml<br class=\"html-br\" \/>Frescura verde, un coraz\u00f3n floral vibrante y una base c\u00e1lida. Con notas de hojas verdes, jazm\u00edn y almizcle, esta fragancia celebra la juventud y el estilo. Perfecta para mujeres din\u00e1micas que buscan un aroma moderno y elegante para cada ocasi\u00f3n<\/p>\n","protected":false},"excerpt":{"rendered":"<p>Perfume de 100mlFrescura verde, un coraz\u00f3n floral vibrante y una base c\u00e1lida. Con notas de hojas verdes, jazm\u00edn y almizcle, esta fragancia celebra la juventud y el estilo. Perfecta para mujeres din\u00e1micas que buscan un aroma moderno y elegante para cada ocasi\u00f3n<\/p>\n","protected":false},"featured_media":1387,"comment_status":"open","ping_status":"closed","template":"","meta":[],"product_brand":[],"product_cat":[65],"product_tag":[],"class_list":{"0":"post-1371","1":"product","2":"type-product","3":"status-publish","4":"has-post-thumbnail","6":"product_cat-perfumes","8":"first","9":"instock","10":"taxable","11":"shipping-taxable","12":"purchasable","13":"product-type-simple"},"_links":{"self":[{"href":"https:\/\/zoeystoregt.com\/index.php\/wp-json\/wp\/v2\/product\/1371","targetHints":{"allow":["GET"]}}],"collection":[{"href":"https:\/\/zoeystoregt.com\/index.php\/wp-json\/wp\/v2\/product"}],"about":[{"href":"https:\/\/zoeystoregt.com\/index.php\/wp-json\/wp\/v2\/types\/product"}],"replies":[{"embeddable":true,"href":"https:\/\/zoeystoregt.com\/index.php\/wp-json\/wp\/v2\/comments?post=1371"}],"wp:featuredmedia":[{"embeddable":true,"href":"https:\/\/zoeystoregt.com\/index.php\/wp-json\/wp\/v2\/media\/1387"}],"wp:attachment":[{"href":"https:\/\/zoeystoregt.com\/index.php\/wp-json\/wp\/v2\/media?parent=1371"}],"wp:term":[{"taxonomy":"product_brand","embeddable":true,"href":"https:\/\/zoeystoregt.com\/index.php\/wp-json\/wp\/v2\/product_brand?post=1371"},{"taxonomy":"product_cat","embeddable":true,"href":"https:\/\/zoeystoregt.com\/index.php\/wp-json\/wp\/v2\/product_cat?post=1371"},{"taxonomy":"product_tag","embeddable":true,"href":"https:\/\/zoeystoregt.com\/index.php\/wp-json\/wp\/v2\/product_tag?post=1371"}],"curies":[{"name":"wp","href":"https:\/\/api.w.org\/{rel}","templated":true}]}}