{"id":1448,"date":"2025-12-13T22:53:08","date_gmt":"2025-12-13T22:53:08","guid":{"rendered":"https:\/\/zoeystoregt.com\/index.php\/producto\/perfume-arabe-story-of-love-rojo\/"},"modified":"2025-12-13T22:57:10","modified_gmt":"2025-12-13T22:57:10","slug":"perfume-arabe-story-of-love-rojo","status":"publish","type":"product","link":"https:\/\/zoeystoregt.com\/index.php\/producto\/perfume-arabe-story-of-love-rojo\/","title":{"rendered":"Perfume \u00c1rabe &#8211; Story of Love Rojo"},"content":{"rendered":"<p>Perfume \u00e1rabe 100ml<\/p>\n<p>Las Notas de Salida son frambuesa y lim\u00f3n siciliano (lima siciliana); las Notas de Coraz\u00f3n son jazm\u00edn y rosa; las Notas de Fondo son \u00e1mbar, vainilla y almizcle<\/p>\n","protected":false},"excerpt":{"rendered":"<p>Perfume \u00e1rabe 100ml Las Notas de Salida son frambuesa y lim\u00f3n siciliano (lima siciliana); las Notas de Coraz\u00f3n son jazm\u00edn y rosa; las Notas de Fondo son \u00e1mbar, vainilla y almizcle<\/p>\n","protected":false},"featured_media":1447,"comment_status":"open","ping_status":"closed","template":"","meta":[],"product_brand":[],"product_cat":[65],"product_tag":[],"class_list":{"0":"post-1448","1":"product","2":"type-product","3":"status-publish","4":"has-post-thumbnail","6":"product_cat-perfumes","8":"first","9":"instock","10":"taxable","11":"shipping-taxable","12":"purchasable","13":"product-type-simple"},"_links":{"self":[{"href":"https:\/\/zoeystoregt.com\/index.php\/wp-json\/wp\/v2\/product\/1448","targetHints":{"allow":["GET"]}}],"collection":[{"href":"https:\/\/zoeystoregt.com\/index.php\/wp-json\/wp\/v2\/product"}],"about":[{"href":"https:\/\/zoeystoregt.com\/index.php\/wp-json\/wp\/v2\/types\/product"}],"replies":[{"embeddable":true,"href":"https:\/\/zoeystoregt.com\/index.php\/wp-json\/wp\/v2\/comments?post=1448"}],"wp:featuredmedia":[{"embeddable":true,"href":"https:\/\/zoeystoregt.com\/index.php\/wp-json\/wp\/v2\/media\/1447"}],"wp:attachment":[{"href":"https:\/\/zoeystoregt.com\/index.php\/wp-json\/wp\/v2\/media?parent=1448"}],"wp:term":[{"taxonomy":"product_brand","embeddable":true,"href":"https:\/\/zoeystoregt.com\/index.php\/wp-json\/wp\/v2\/product_brand?post=1448"},{"taxonomy":"product_cat","embeddable":true,"href":"https:\/\/zoeystoregt.com\/index.php\/wp-json\/wp\/v2\/product_cat?post=1448"},{"taxonomy":"product_tag","embeddable":true,"href":"https:\/\/zoeystoregt.com\/index.php\/wp-json\/wp\/v2\/product_tag?post=1448"}],"curies":[{"name":"wp","href":"https:\/\/api.w.org\/{rel}","templated":true}]}}