{"id":1450,"date":"2025-12-13T22:54:44","date_gmt":"2025-12-13T22:54:44","guid":{"rendered":"https:\/\/zoeystoregt.com\/index.php\/producto\/perfume-story-of-love-negro\/"},"modified":"2025-12-13T22:56:38","modified_gmt":"2025-12-13T22:56:38","slug":"perfume-story-of-love-negro","status":"publish","type":"product","link":"https:\/\/zoeystoregt.com\/index.php\/producto\/perfume-story-of-love-negro\/","title":{"rendered":"Perfume Story of Love &#8211; Negro"},"content":{"rendered":"<p>Las notas de salida incluyen rosa turca y frutas; las notas de coraz\u00f3n son ylang-ylang, cuero, nuez moscada y \u00e1mbar.<\/p>\n<p>Las notas de fondo son vetiver, almizcle, pachul\u00ed, vainilla y cedro.<\/p>\n<p>La botella de 100 ml es de vidrio negro mate con una tapa dorada.<\/p>\n<p>La fragancia es conocida por su elegancia y sofisticaci\u00f3n duraderas.<\/p>\n","protected":false},"excerpt":{"rendered":"<p>Las notas de salida incluyen rosa turca y frutas; las notas de coraz\u00f3n son ylang-ylang, cuero, nuez moscada y \u00e1mbar. Las notas de fondo son vetiver, almizcle, pachul\u00ed, vainilla y cedro. La botella de 100 ml es de vidrio negro mate con una tapa dorada. La fragancia es conocida por su elegancia y sofisticaci\u00f3n duraderas.<\/p>\n","protected":false},"featured_media":1449,"comment_status":"open","ping_status":"closed","template":"","meta":[],"product_brand":[],"product_cat":[65],"product_tag":[],"class_list":{"0":"post-1450","1":"product","2":"type-product","3":"status-publish","4":"has-post-thumbnail","6":"product_cat-perfumes","8":"first","9":"instock","10":"taxable","11":"shipping-taxable","12":"purchasable","13":"product-type-simple"},"_links":{"self":[{"href":"https:\/\/zoeystoregt.com\/index.php\/wp-json\/wp\/v2\/product\/1450","targetHints":{"allow":["GET"]}}],"collection":[{"href":"https:\/\/zoeystoregt.com\/index.php\/wp-json\/wp\/v2\/product"}],"about":[{"href":"https:\/\/zoeystoregt.com\/index.php\/wp-json\/wp\/v2\/types\/product"}],"replies":[{"embeddable":true,"href":"https:\/\/zoeystoregt.com\/index.php\/wp-json\/wp\/v2\/comments?post=1450"}],"wp:featuredmedia":[{"embeddable":true,"href":"https:\/\/zoeystoregt.com\/index.php\/wp-json\/wp\/v2\/media\/1449"}],"wp:attachment":[{"href":"https:\/\/zoeystoregt.com\/index.php\/wp-json\/wp\/v2\/media?parent=1450"}],"wp:term":[{"taxonomy":"product_brand","embeddable":true,"href":"https:\/\/zoeystoregt.com\/index.php\/wp-json\/wp\/v2\/product_brand?post=1450"},{"taxonomy":"product_cat","embeddable":true,"href":"https:\/\/zoeystoregt.com\/index.php\/wp-json\/wp\/v2\/product_cat?post=1450"},{"taxonomy":"product_tag","embeddable":true,"href":"https:\/\/zoeystoregt.com\/index.php\/wp-json\/wp\/v2\/product_tag?post=1450"}],"curies":[{"name":"wp","href":"https:\/\/api.w.org\/{rel}","templated":true}]}}