{"id":1458,"date":"2025-12-13T23:12:44","date_gmt":"2025-12-13T23:12:44","guid":{"rendered":"https:\/\/zoeystoregt.com\/index.php\/producto\/perfume-dupe-perfume-shakira-celeste\/"},"modified":"2025-12-13T23:16:29","modified_gmt":"2025-12-13T23:16:29","slug":"perfume-dupe-perfume-shakira-celeste","status":"publish","type":"product","link":"https:\/\/zoeystoregt.com\/index.php\/producto\/perfume-dupe-perfume-shakira-celeste\/","title":{"rendered":"Perfume Dupe Shakira Celeste"},"content":{"rendered":"<p>100 ml Dance Diamonds es una explosi\u00f3n de frescura que cautiva los sentidos. Un perfume para mujer que emana toda la energ\u00eda danzante del artista: coreograf\u00edas transformadas en preciosos diamantes, brillantes y eternos.<\/p>\n","protected":false},"excerpt":{"rendered":"<p>100 ml Dance Diamonds es una explosi\u00f3n de frescura que cautiva los sentidos. Un perfume para mujer que emana toda la energ\u00eda danzante del artista: coreograf\u00edas transformadas en preciosos diamantes, brillantes y eternos.<\/p>\n","protected":false},"featured_media":1470,"comment_status":"open","ping_status":"closed","template":"","meta":[],"product_brand":[],"product_cat":[65],"product_tag":[],"class_list":{"0":"post-1458","1":"product","2":"type-product","3":"status-publish","4":"has-post-thumbnail","6":"product_cat-perfumes","8":"first","9":"instock","10":"taxable","11":"shipping-taxable","12":"purchasable","13":"product-type-simple"},"_links":{"self":[{"href":"https:\/\/zoeystoregt.com\/index.php\/wp-json\/wp\/v2\/product\/1458","targetHints":{"allow":["GET"]}}],"collection":[{"href":"https:\/\/zoeystoregt.com\/index.php\/wp-json\/wp\/v2\/product"}],"about":[{"href":"https:\/\/zoeystoregt.com\/index.php\/wp-json\/wp\/v2\/types\/product"}],"replies":[{"embeddable":true,"href":"https:\/\/zoeystoregt.com\/index.php\/wp-json\/wp\/v2\/comments?post=1458"}],"wp:featuredmedia":[{"embeddable":true,"href":"https:\/\/zoeystoregt.com\/index.php\/wp-json\/wp\/v2\/media\/1470"}],"wp:attachment":[{"href":"https:\/\/zoeystoregt.com\/index.php\/wp-json\/wp\/v2\/media?parent=1458"}],"wp:term":[{"taxonomy":"product_brand","embeddable":true,"href":"https:\/\/zoeystoregt.com\/index.php\/wp-json\/wp\/v2\/product_brand?post=1458"},{"taxonomy":"product_cat","embeddable":true,"href":"https:\/\/zoeystoregt.com\/index.php\/wp-json\/wp\/v2\/product_cat?post=1458"},{"taxonomy":"product_tag","embeddable":true,"href":"https:\/\/zoeystoregt.com\/index.php\/wp-json\/wp\/v2\/product_tag?post=1458"}],"curies":[{"name":"wp","href":"https:\/\/api.w.org\/{rel}","templated":true}]}}