{"id":1460,"date":"2025-12-13T23:12:44","date_gmt":"2025-12-13T23:12:44","guid":{"rendered":"https:\/\/zoeystoregt.com\/index.php\/producto\/mini-paleta-rubor-contorno-iluminador\/"},"modified":"2025-12-13T23:13:28","modified_gmt":"2025-12-13T23:13:28","slug":"mini-paleta-rubor-contorno-iluminador","status":"publish","type":"product","link":"https:\/\/zoeystoregt.com\/index.php\/producto\/mini-paleta-rubor-contorno-iluminador\/","title":{"rendered":"Mini paleta rubor contorno iluminador"},"content":{"rendered":"<p>Me encanta c\u00f3mo combina rubor, contorno e iluminador para un look s\u00faper completo. Es la combinaci\u00f3n perfecta para realzar mis p\u00f3mulos y darle un toque de luz a mi cara. \u2728 Siento que me ayuda a definir mis rasgos y a crear ese efecto \u00abwow\u00bb que busco. \u00a1Ya no necesito mil productos, solo esta maravilla! \ud83d\ude0d Definitivamente, es mi nuevo secreto para un rostro espectacular.<\/p>\n","protected":false},"excerpt":{"rendered":"<p>Me encanta c\u00f3mo combina rubor, contorno e iluminador para un look s\u00faper completo. Es la combinaci\u00f3n perfecta para realzar mis p\u00f3mulos y darle un toque de luz a mi cara. \u2728 Siento que me ayuda a definir mis rasgos y a crear ese efecto \u00abwow\u00bb que busco. \u00a1Ya no necesito mil productos, solo esta maravilla! [&hellip;]<\/p>\n","protected":false},"featured_media":1462,"comment_status":"open","ping_status":"closed","template":"","meta":[],"product_brand":[],"product_cat":[27,59],"product_tag":[],"class_list":{"0":"post-1460","1":"product","2":"type-product","3":"status-publish","4":"has-post-thumbnail","6":"product_cat-maquillaje","7":"product_cat-sombras","9":"first","10":"instock","11":"taxable","12":"shipping-taxable","13":"purchasable","14":"product-type-simple"},"_links":{"self":[{"href":"https:\/\/zoeystoregt.com\/index.php\/wp-json\/wp\/v2\/product\/1460","targetHints":{"allow":["GET"]}}],"collection":[{"href":"https:\/\/zoeystoregt.com\/index.php\/wp-json\/wp\/v2\/product"}],"about":[{"href":"https:\/\/zoeystoregt.com\/index.php\/wp-json\/wp\/v2\/types\/product"}],"replies":[{"embeddable":true,"href":"https:\/\/zoeystoregt.com\/index.php\/wp-json\/wp\/v2\/comments?post=1460"}],"wp:featuredmedia":[{"embeddable":true,"href":"https:\/\/zoeystoregt.com\/index.php\/wp-json\/wp\/v2\/media\/1462"}],"wp:attachment":[{"href":"https:\/\/zoeystoregt.com\/index.php\/wp-json\/wp\/v2\/media?parent=1460"}],"wp:term":[{"taxonomy":"product_brand","embeddable":true,"href":"https:\/\/zoeystoregt.com\/index.php\/wp-json\/wp\/v2\/product_brand?post=1460"},{"taxonomy":"product_cat","embeddable":true,"href":"https:\/\/zoeystoregt.com\/index.php\/wp-json\/wp\/v2\/product_cat?post=1460"},{"taxonomy":"product_tag","embeddable":true,"href":"https:\/\/zoeystoregt.com\/index.php\/wp-json\/wp\/v2\/product_tag?post=1460"}],"curies":[{"name":"wp","href":"https:\/\/api.w.org\/{rel}","templated":true}]}}