{"id":1475,"date":"2025-12-15T15:29:15","date_gmt":"2025-12-15T15:29:15","guid":{"rendered":"https:\/\/zoeystoregt.com\/index.php\/producto\/perfume-arabe-celeste\/"},"modified":"2025-12-15T15:31:48","modified_gmt":"2025-12-15T15:31:48","slug":"perfume-arabe-celeste","status":"publish","type":"product","link":"https:\/\/zoeystoregt.com\/index.php\/producto\/perfume-arabe-celeste\/","title":{"rendered":"Perfume Arabe  Celeste"},"content":{"rendered":"<p>100 ml<br \/>\nEsta fragancia exquisitamente elaborada cuenta con una mezcla cautivadora que te har\u00e1 sentir seguro y seductor. Perfecto para cualquier ocasi\u00f3n, este aroma seguramente causar\u00e1 una impresi\u00f3n duradera.<br \/>\nNotas de fragancia &#8211;<\/p>\n<p>Notas principales: Bergamota y Lim\u00f3n<br \/>\nNotas para el coraz\u00f3n: Jazm\u00edn, Rosas e Iris<br \/>\nNotas base: S\u00e1ndalo, \u00e1mbar y almizcle.<\/p>\n","protected":false},"excerpt":{"rendered":"<p>100 ml Esta fragancia exquisitamente elaborada cuenta con una mezcla cautivadora que te har\u00e1 sentir seguro y seductor. Perfecto para cualquier ocasi\u00f3n, este aroma seguramente causar\u00e1 una impresi\u00f3n duradera. Notas de fragancia &#8211; Notas principales: Bergamota y Lim\u00f3n Notas para el coraz\u00f3n: Jazm\u00edn, Rosas e Iris Notas base: S\u00e1ndalo, \u00e1mbar y almizcle.<\/p>\n","protected":false},"featured_media":1482,"comment_status":"open","ping_status":"closed","template":"","meta":[],"product_brand":[],"product_cat":[65],"product_tag":[],"class_list":{"0":"post-1475","1":"product","2":"type-product","3":"status-publish","4":"has-post-thumbnail","6":"product_cat-perfumes","8":"first","9":"instock","10":"taxable","11":"shipping-taxable","12":"purchasable","13":"product-type-simple"},"_links":{"self":[{"href":"https:\/\/zoeystoregt.com\/index.php\/wp-json\/wp\/v2\/product\/1475","targetHints":{"allow":["GET"]}}],"collection":[{"href":"https:\/\/zoeystoregt.com\/index.php\/wp-json\/wp\/v2\/product"}],"about":[{"href":"https:\/\/zoeystoregt.com\/index.php\/wp-json\/wp\/v2\/types\/product"}],"replies":[{"embeddable":true,"href":"https:\/\/zoeystoregt.com\/index.php\/wp-json\/wp\/v2\/comments?post=1475"}],"wp:featuredmedia":[{"embeddable":true,"href":"https:\/\/zoeystoregt.com\/index.php\/wp-json\/wp\/v2\/media\/1482"}],"wp:attachment":[{"href":"https:\/\/zoeystoregt.com\/index.php\/wp-json\/wp\/v2\/media?parent=1475"}],"wp:term":[{"taxonomy":"product_brand","embeddable":true,"href":"https:\/\/zoeystoregt.com\/index.php\/wp-json\/wp\/v2\/product_brand?post=1475"},{"taxonomy":"product_cat","embeddable":true,"href":"https:\/\/zoeystoregt.com\/index.php\/wp-json\/wp\/v2\/product_cat?post=1475"},{"taxonomy":"product_tag","embeddable":true,"href":"https:\/\/zoeystoregt.com\/index.php\/wp-json\/wp\/v2\/product_tag?post=1475"}],"curies":[{"name":"wp","href":"https:\/\/api.w.org\/{rel}","templated":true}]}}