{"id":1476,"date":"2025-12-15T15:29:15","date_gmt":"2025-12-15T15:29:15","guid":{"rendered":"https:\/\/zoeystoregt.com\/index.php\/producto\/perfume-arabe-jamboree\/"},"modified":"2025-12-15T15:31:37","modified_gmt":"2025-12-15T15:31:37","slug":"perfume-arabe-jamboree","status":"publish","type":"product","link":"https:\/\/zoeystoregt.com\/index.php\/producto\/perfume-arabe-jamboree\/","title":{"rendered":"Perfume Arabe &#8211; Jamboree"},"content":{"rendered":"<p>100 ml<br \/>\nComposici\u00f3n:<br \/>\nApertura: mandarina, papaya, jazm\u00edn, hojas violetas<br \/>\nCoraz\u00f3n: rosa, pera, lirio del valle<br \/>\nBase: s\u00e1ndalo, cachemir,<\/p>\n","protected":false},"excerpt":{"rendered":"<p>100 ml Composici\u00f3n: Apertura: mandarina, papaya, jazm\u00edn, hojas violetas Coraz\u00f3n: rosa, pera, lirio del valle Base: s\u00e1ndalo, cachemir,<\/p>\n","protected":false},"featured_media":1481,"comment_status":"open","ping_status":"closed","template":"","meta":[],"product_brand":[],"product_cat":[65],"product_tag":[],"class_list":{"0":"post-1476","1":"product","2":"type-product","3":"status-publish","4":"has-post-thumbnail","6":"product_cat-perfumes","8":"first","9":"instock","10":"taxable","11":"shipping-taxable","12":"purchasable","13":"product-type-simple"},"_links":{"self":[{"href":"https:\/\/zoeystoregt.com\/index.php\/wp-json\/wp\/v2\/product\/1476","targetHints":{"allow":["GET"]}}],"collection":[{"href":"https:\/\/zoeystoregt.com\/index.php\/wp-json\/wp\/v2\/product"}],"about":[{"href":"https:\/\/zoeystoregt.com\/index.php\/wp-json\/wp\/v2\/types\/product"}],"replies":[{"embeddable":true,"href":"https:\/\/zoeystoregt.com\/index.php\/wp-json\/wp\/v2\/comments?post=1476"}],"wp:featuredmedia":[{"embeddable":true,"href":"https:\/\/zoeystoregt.com\/index.php\/wp-json\/wp\/v2\/media\/1481"}],"wp:attachment":[{"href":"https:\/\/zoeystoregt.com\/index.php\/wp-json\/wp\/v2\/media?parent=1476"}],"wp:term":[{"taxonomy":"product_brand","embeddable":true,"href":"https:\/\/zoeystoregt.com\/index.php\/wp-json\/wp\/v2\/product_brand?post=1476"},{"taxonomy":"product_cat","embeddable":true,"href":"https:\/\/zoeystoregt.com\/index.php\/wp-json\/wp\/v2\/product_cat?post=1476"},{"taxonomy":"product_tag","embeddable":true,"href":"https:\/\/zoeystoregt.com\/index.php\/wp-json\/wp\/v2\/product_tag?post=1476"}],"curies":[{"name":"wp","href":"https:\/\/api.w.org\/{rel}","templated":true}]}}