{"id":148,"date":"2025-11-04T17:07:48","date_gmt":"2025-11-04T17:07:48","guid":{"rendered":"https:\/\/zoeystoregt.com\/?post_type=product&#038;p=148"},"modified":"2025-11-27T14:53:58","modified_gmt":"2025-11-27T14:53:58","slug":"exfoliante","status":"publish","type":"product","link":"https:\/\/zoeystoregt.com\/index.php\/producto\/exfoliante\/","title":{"rendered":"Exfoliante de Rostro &#8211; Zoey Line"},"content":{"rendered":"<div class=\"x14z9mp xat24cr x1lziwak x1vvkbs xtlvy1s x126k92a\">\n<div dir=\"auto\">Cada cu\u00e1nto tiempo debemos exfoliar la cara?<\/div>\n<\/div>\n<div class=\"x14z9mp xat24cr x1lziwak x1vvkbs xtlvy1s x126k92a\">\n<div dir=\"auto\">Es vital complementar la limpieza, hidrataci\u00f3n y protecci\u00f3n con una exfoliaci\u00f3n semanal, para dar paso a una renovaci\u00f3n celular de la dermis. Es muy importante que las c\u00e9lulas muertas caigan completamente de la piel, para mantenerla sana, visiblemente fresca, fina y unificada en un color suave y luminoso. Por eso, la piel seca debe exfoliarse una vez a la semana. Las pieles sensibles, cada diez d\u00edas y probando antes en una peque\u00f1a zona del rostro poco visible (por ejemplo, tras las orejas). Las pieles grasas sin acn\u00e9 se pueden exfoliar una o dos veces por semana. Y, si la piel es muy fina, la har\u00edamos cada quince d\u00edas.<\/div>\n<\/div>\n","protected":false},"excerpt":{"rendered":"<p>Cada cu\u00e1nto tiempo debemos exfoliar la cara? Es vital complementar la limpieza, hidrataci\u00f3n y protecci\u00f3n con una exfoliaci\u00f3n semanal, para dar paso a una renovaci\u00f3n celular de la dermis. Es muy importante que las c\u00e9lulas muertas caigan completamente de la piel, para mantenerla sana, visiblemente fresca, fina y unificada en un color suave y luminoso. [&hellip;]<\/p>\n","protected":false},"featured_media":149,"comment_status":"open","ping_status":"closed","template":"","meta":[],"product_brand":[],"product_cat":[25,50],"product_tag":[],"class_list":{"0":"post-148","1":"product","2":"type-product","3":"status-publish","4":"has-post-thumbnail","6":"product_cat-rostro","7":"product_cat-zoeyline","9":"first","10":"instock","11":"taxable","12":"shipping-taxable","13":"purchasable","14":"product-type-simple"},"_links":{"self":[{"href":"https:\/\/zoeystoregt.com\/index.php\/wp-json\/wp\/v2\/product\/148","targetHints":{"allow":["GET"]}}],"collection":[{"href":"https:\/\/zoeystoregt.com\/index.php\/wp-json\/wp\/v2\/product"}],"about":[{"href":"https:\/\/zoeystoregt.com\/index.php\/wp-json\/wp\/v2\/types\/product"}],"replies":[{"embeddable":true,"href":"https:\/\/zoeystoregt.com\/index.php\/wp-json\/wp\/v2\/comments?post=148"}],"wp:featuredmedia":[{"embeddable":true,"href":"https:\/\/zoeystoregt.com\/index.php\/wp-json\/wp\/v2\/media\/149"}],"wp:attachment":[{"href":"https:\/\/zoeystoregt.com\/index.php\/wp-json\/wp\/v2\/media?parent=148"}],"wp:term":[{"taxonomy":"product_brand","embeddable":true,"href":"https:\/\/zoeystoregt.com\/index.php\/wp-json\/wp\/v2\/product_brand?post=148"},{"taxonomy":"product_cat","embeddable":true,"href":"https:\/\/zoeystoregt.com\/index.php\/wp-json\/wp\/v2\/product_cat?post=148"},{"taxonomy":"product_tag","embeddable":true,"href":"https:\/\/zoeystoregt.com\/index.php\/wp-json\/wp\/v2\/product_tag?post=148"}],"curies":[{"name":"wp","href":"https:\/\/api.w.org\/{rel}","templated":true}]}}