{"id":1480,"date":"2025-12-15T15:29:15","date_gmt":"2025-12-15T15:29:15","guid":{"rendered":"https:\/\/zoeystoregt.com\/index.php\/producto\/perfume-arabe-ameerat-al-arab\/"},"modified":"2025-12-15T15:30:14","modified_gmt":"2025-12-15T15:30:14","slug":"perfume-arabe-ameerat-al-arab","status":"publish","type":"product","link":"https:\/\/zoeystoregt.com\/index.php\/producto\/perfume-arabe-ameerat-al-arab\/","title":{"rendered":"Perfume Arabe &#8211; Ameerat Al Arab"},"content":{"rendered":"<p>Las Notas de Salida son c\u00edtricos y bergamota; las Notas de Coraz\u00f3n son almizcle blanco y s\u00e1bila; las Notas de Fondo son jazm\u00edn, almizcle, notas amaderadas y madera de oud.<\/p>\n","protected":false},"excerpt":{"rendered":"<p>Las Notas de Salida son c\u00edtricos y bergamota; las Notas de Coraz\u00f3n son almizcle blanco y s\u00e1bila; las Notas de Fondo son jazm\u00edn, almizcle, notas amaderadas y madera de oud.<\/p>\n","protected":false},"featured_media":1486,"comment_status":"open","ping_status":"closed","template":"","meta":[],"product_brand":[],"product_cat":[66],"product_tag":[],"class_list":{"0":"post-1480","1":"product","2":"type-product","3":"status-publish","4":"has-post-thumbnail","6":"product_cat-joyeria-2","8":"first","9":"instock","10":"taxable","11":"shipping-taxable","12":"purchasable","13":"product-type-simple"},"_links":{"self":[{"href":"https:\/\/zoeystoregt.com\/index.php\/wp-json\/wp\/v2\/product\/1480","targetHints":{"allow":["GET"]}}],"collection":[{"href":"https:\/\/zoeystoregt.com\/index.php\/wp-json\/wp\/v2\/product"}],"about":[{"href":"https:\/\/zoeystoregt.com\/index.php\/wp-json\/wp\/v2\/types\/product"}],"replies":[{"embeddable":true,"href":"https:\/\/zoeystoregt.com\/index.php\/wp-json\/wp\/v2\/comments?post=1480"}],"wp:featuredmedia":[{"embeddable":true,"href":"https:\/\/zoeystoregt.com\/index.php\/wp-json\/wp\/v2\/media\/1486"}],"wp:attachment":[{"href":"https:\/\/zoeystoregt.com\/index.php\/wp-json\/wp\/v2\/media?parent=1480"}],"wp:term":[{"taxonomy":"product_brand","embeddable":true,"href":"https:\/\/zoeystoregt.com\/index.php\/wp-json\/wp\/v2\/product_brand?post=1480"},{"taxonomy":"product_cat","embeddable":true,"href":"https:\/\/zoeystoregt.com\/index.php\/wp-json\/wp\/v2\/product_cat?post=1480"},{"taxonomy":"product_tag","embeddable":true,"href":"https:\/\/zoeystoregt.com\/index.php\/wp-json\/wp\/v2\/product_tag?post=1480"}],"curies":[{"name":"wp","href":"https:\/\/api.w.org\/{rel}","templated":true}]}}