{"id":153,"date":"2025-11-04T18:02:58","date_gmt":"2025-11-04T18:02:58","guid":{"rendered":"https:\/\/zoeystoregt.com\/?post_type=product&#038;p=153"},"modified":"2025-11-27T14:53:14","modified_gmt":"2025-11-27T14:53:14","slug":"gel-de-cejas","status":"publish","type":"product","link":"https:\/\/zoeystoregt.com\/index.php\/producto\/gel-de-cejas\/","title":{"rendered":"Gel de Cejas &#8211; Zoey Line"},"content":{"rendered":"<p>Zoeyline presenta nuestro gel de cejas m\u00e1s fuerte hasta el momento Esta cera personalizable para peinar cejas levanta, doma y esculpe cada cabello en su lugar para la ceja de aspecto emplumado que siempre has querido. La f\u00f3rmula universal y f\u00e1cil de aplicar, no se ensucia y proporciona una sujeci\u00f3n extrema de larga duraci\u00f3n, dejando cejas con cuerpo completo que duran todo el d\u00eda.<\/p>\n","protected":false},"excerpt":{"rendered":"<p>Zoeyline presenta nuestro gel de cejas m\u00e1s fuerte hasta el momento Esta cera personalizable para peinar cejas levanta, doma y esculpe cada cabello en su lugar para la ceja de aspecto emplumado que siempre has querido. La f\u00f3rmula universal y f\u00e1cil de aplicar, no se ensucia y proporciona una sujeci\u00f3n extrema de larga duraci\u00f3n, dejando [&hellip;]<\/p>\n","protected":false},"featured_media":152,"comment_status":"open","ping_status":"closed","template":"","meta":[],"product_brand":[],"product_cat":[22,50],"product_tag":[],"class_list":{"0":"post-153","1":"product","2":"type-product","3":"status-publish","4":"has-post-thumbnail","6":"product_cat-ojos","7":"product_cat-zoeyline","9":"first","10":"instock","11":"taxable","12":"shipping-taxable","13":"purchasable","14":"product-type-simple"},"_links":{"self":[{"href":"https:\/\/zoeystoregt.com\/index.php\/wp-json\/wp\/v2\/product\/153","targetHints":{"allow":["GET"]}}],"collection":[{"href":"https:\/\/zoeystoregt.com\/index.php\/wp-json\/wp\/v2\/product"}],"about":[{"href":"https:\/\/zoeystoregt.com\/index.php\/wp-json\/wp\/v2\/types\/product"}],"replies":[{"embeddable":true,"href":"https:\/\/zoeystoregt.com\/index.php\/wp-json\/wp\/v2\/comments?post=153"}],"wp:featuredmedia":[{"embeddable":true,"href":"https:\/\/zoeystoregt.com\/index.php\/wp-json\/wp\/v2\/media\/152"}],"wp:attachment":[{"href":"https:\/\/zoeystoregt.com\/index.php\/wp-json\/wp\/v2\/media?parent=153"}],"wp:term":[{"taxonomy":"product_brand","embeddable":true,"href":"https:\/\/zoeystoregt.com\/index.php\/wp-json\/wp\/v2\/product_brand?post=153"},{"taxonomy":"product_cat","embeddable":true,"href":"https:\/\/zoeystoregt.com\/index.php\/wp-json\/wp\/v2\/product_cat?post=153"},{"taxonomy":"product_tag","embeddable":true,"href":"https:\/\/zoeystoregt.com\/index.php\/wp-json\/wp\/v2\/product_tag?post=153"}],"curies":[{"name":"wp","href":"https:\/\/api.w.org\/{rel}","templated":true}]}}