{"id":161,"date":"2025-11-04T17:23:26","date_gmt":"2025-11-04T17:23:26","guid":{"rendered":"https:\/\/zoeystoregt.com\/?post_type=product&#038;p=161"},"modified":"2025-11-27T14:53:19","modified_gmt":"2025-11-27T14:53:19","slug":"crema-a-base-de-agua-de-calendula","status":"publish","type":"product","link":"https:\/\/zoeystoregt.com\/index.php\/producto\/crema-a-base-de-agua-de-calendula\/","title":{"rendered":"Crema a base de agua de Cal\u00e9ndula &#8211; Zoey Line"},"content":{"rendered":"<p>Los eficaces compuestos de la Cal\u00e9ndula<span class=\"html-span xexx8yu xyri2b x18d9i69 x1c1uobl x1hl2dhg x16tdsg8 x1vvkbs x3nfvp2 x1j61x8r x1fcty0u xdj266r xat24cr xm2jcoa x1mpyi22 xxymvpz xlup9mm x1kky2od\"><img loading=\"lazy\" decoding=\"async\" class=\"xz74otr x15mokao x1ga7v0g x16uus16 xbiv7yw\" src=\"https:\/\/static.xx.fbcdn.net\/images\/emoji.php\/v9\/t9b\/1\/16\/1f33c.png\" alt=\"\ud83c\udf3c\" width=\"16\" height=\"16\" \/><\/span> ayudan a calmar y mejorar visiblemente la piel. Al ayudar a reducir las molestias, nuestras f\u00f3rmulas con p\u00e9talos y extracto de Cal\u00e9ndula<span class=\"html-span xexx8yu xyri2b x18d9i69 x1c1uobl x1hl2dhg x16tdsg8 x1vvkbs x3nfvp2 x1j61x8r x1fcty0u xdj266r xat24cr xm2jcoa x1mpyi22 xxymvpz xlup9mm x1kky2od\"><img loading=\"lazy\" decoding=\"async\" class=\"xz74otr x15mokao x1ga7v0g x16uus16 xbiv7yw\" src=\"https:\/\/static.xx.fbcdn.net\/images\/emoji.php\/v9\/t9b\/1\/16\/1f33c.png\" alt=\"\ud83c\udf3c\" width=\"16\" height=\"16\" \/><\/span> ayudan a que la piel tenga una apariencia suave, radiante y fresca como el roc\u00edo.<\/p>\n","protected":false},"excerpt":{"rendered":"<p>Los eficaces compuestos de la Cal\u00e9ndula ayudan a calmar y mejorar visiblemente la piel. Al ayudar a reducir las molestias, nuestras f\u00f3rmulas con p\u00e9talos y extracto de Cal\u00e9ndula ayudan a que la piel tenga una apariencia suave, radiante y fresca como el roc\u00edo.<\/p>\n","protected":false},"featured_media":162,"comment_status":"open","ping_status":"closed","template":"","meta":[],"product_brand":[],"product_cat":[30,25,50],"product_tag":[],"class_list":{"0":"post-161","1":"product","2":"type-product","3":"status-publish","4":"has-post-thumbnail","6":"product_cat-piel","7":"product_cat-rostro","8":"product_cat-zoeyline","10":"first","11":"instock","12":"taxable","13":"shipping-taxable","14":"purchasable","15":"product-type-simple"},"_links":{"self":[{"href":"https:\/\/zoeystoregt.com\/index.php\/wp-json\/wp\/v2\/product\/161","targetHints":{"allow":["GET"]}}],"collection":[{"href":"https:\/\/zoeystoregt.com\/index.php\/wp-json\/wp\/v2\/product"}],"about":[{"href":"https:\/\/zoeystoregt.com\/index.php\/wp-json\/wp\/v2\/types\/product"}],"replies":[{"embeddable":true,"href":"https:\/\/zoeystoregt.com\/index.php\/wp-json\/wp\/v2\/comments?post=161"}],"wp:featuredmedia":[{"embeddable":true,"href":"https:\/\/zoeystoregt.com\/index.php\/wp-json\/wp\/v2\/media\/162"}],"wp:attachment":[{"href":"https:\/\/zoeystoregt.com\/index.php\/wp-json\/wp\/v2\/media?parent=161"}],"wp:term":[{"taxonomy":"product_brand","embeddable":true,"href":"https:\/\/zoeystoregt.com\/index.php\/wp-json\/wp\/v2\/product_brand?post=161"},{"taxonomy":"product_cat","embeddable":true,"href":"https:\/\/zoeystoregt.com\/index.php\/wp-json\/wp\/v2\/product_cat?post=161"},{"taxonomy":"product_tag","embeddable":true,"href":"https:\/\/zoeystoregt.com\/index.php\/wp-json\/wp\/v2\/product_tag?post=161"}],"curies":[{"name":"wp","href":"https:\/\/api.w.org\/{rel}","templated":true}]}}