{"id":1651,"date":"2026-01-12T16:52:32","date_gmt":"2026-01-12T16:52:32","guid":{"rendered":"https:\/\/zoeystoregt.com\/?post_type=product&#038;p=1651"},"modified":"2026-01-13T17:45:12","modified_gmt":"2026-01-13T17:45:12","slug":"gel-hidratante-fresca-manana-1-6-onz-zoey-line","status":"publish","type":"product","link":"https:\/\/zoeystoregt.com\/index.php\/producto\/gel-hidratante-fresca-manana-1-6-onz-zoey-line\/","title":{"rendered":"Gel Hidratante &#8211; Fresca Ma\u00f1ana 1.6 Onz  &#8211; Zoey Line"},"content":{"rendered":"<p>Gel de Fresca ma\u00f1ana<br \/>\nEtiqueta color verde<br \/>\nJazm\u00edn,lavanda ,menta, Ambar , madera, eucalipto,naranja lim\u00f3n<\/p>\n","protected":false},"excerpt":{"rendered":"<p>Gel de Fresca ma\u00f1ana Etiqueta color verde Jazm\u00edn,lavanda ,menta, Ambar , madera, eucalipto,naranja lim\u00f3n<\/p>\n","protected":false},"featured_media":1652,"comment_status":"open","ping_status":"closed","template":"","meta":[],"product_brand":[],"product_cat":[29,50],"product_tag":[],"class_list":{"0":"post-1651","1":"product","2":"type-product","3":"status-publish","4":"has-post-thumbnail","6":"product_cat-hidratacion","7":"product_cat-zoeyline","9":"first","10":"instock","11":"taxable","12":"shipping-taxable","13":"purchasable","14":"product-type-simple"},"_links":{"self":[{"href":"https:\/\/zoeystoregt.com\/index.php\/wp-json\/wp\/v2\/product\/1651","targetHints":{"allow":["GET"]}}],"collection":[{"href":"https:\/\/zoeystoregt.com\/index.php\/wp-json\/wp\/v2\/product"}],"about":[{"href":"https:\/\/zoeystoregt.com\/index.php\/wp-json\/wp\/v2\/types\/product"}],"replies":[{"embeddable":true,"href":"https:\/\/zoeystoregt.com\/index.php\/wp-json\/wp\/v2\/comments?post=1651"}],"wp:featuredmedia":[{"embeddable":true,"href":"https:\/\/zoeystoregt.com\/index.php\/wp-json\/wp\/v2\/media\/1652"}],"wp:attachment":[{"href":"https:\/\/zoeystoregt.com\/index.php\/wp-json\/wp\/v2\/media?parent=1651"}],"wp:term":[{"taxonomy":"product_brand","embeddable":true,"href":"https:\/\/zoeystoregt.com\/index.php\/wp-json\/wp\/v2\/product_brand?post=1651"},{"taxonomy":"product_cat","embeddable":true,"href":"https:\/\/zoeystoregt.com\/index.php\/wp-json\/wp\/v2\/product_cat?post=1651"},{"taxonomy":"product_tag","embeddable":true,"href":"https:\/\/zoeystoregt.com\/index.php\/wp-json\/wp\/v2\/product_tag?post=1651"}],"curies":[{"name":"wp","href":"https:\/\/api.w.org\/{rel}","templated":true}]}}