{"id":1666,"date":"2026-01-13T16:57:06","date_gmt":"2026-01-13T16:57:06","guid":{"rendered":"https:\/\/zoeystoregt.com\/index.php\/producto\/serum-anti-arrugas-botox-korsmesic\/"},"modified":"2026-02-06T18:41:42","modified_gmt":"2026-02-06T18:41:42","slug":"serum-anti-arrugas-botox-korsmesic","status":"publish","type":"product","link":"https:\/\/zoeystoregt.com\/index.php\/producto\/serum-anti-arrugas-botox-korsmesic\/","title":{"rendered":"Serum Anti-Arrugas Botox &#8211; Korsmesic"},"content":{"rendered":"<p>Este s\u00e9rum est\u00e1 dise\u00f1ado para m\u00faltiples beneficios para la piel:<br \/>\n\u2728Anti-arrugas y reafirmante: Ayuda a suavizar las l\u00edneas finas y mejorar la elasticidad de la piel.<br \/>\n\u2728Mejora la textura de la piel: Contribuye a una piel m\u00e1s suave y tersa.<br \/>\n\u2728Hidrataci\u00f3n y humectaci\u00f3n: Proporciona hidrataci\u00f3n profunda, haciendo que la piel se sienta fresca y saludable.<br \/>\n\u2728Rejuvenecimiento: Estimula la renovaci\u00f3n celular y combate los signos del envejecimiento.<\/p>\n","protected":false},"excerpt":{"rendered":"<p>Este s\u00e9rum est\u00e1 dise\u00f1ado para m\u00faltiples beneficios para la piel: \u2728Anti-arrugas y reafirmante: Ayuda a suavizar las l\u00edneas finas y mejorar la elasticidad de la piel. \u2728Mejora la textura de la piel: Contribuye a una piel m\u00e1s suave y tersa. \u2728Hidrataci\u00f3n y humectaci\u00f3n: Proporciona hidrataci\u00f3n profunda, haciendo que la piel se sienta fresca y saludable. [&hellip;]<\/p>\n","protected":false},"featured_media":1671,"comment_status":"open","ping_status":"closed","template":"","meta":[],"product_brand":[],"product_cat":[25,47],"product_tag":[],"class_list":{"0":"post-1666","1":"product","2":"type-product","3":"status-publish","4":"has-post-thumbnail","6":"product_cat-rostro","7":"product_cat-serum","9":"first","10":"instock","11":"taxable","12":"shipping-taxable","13":"purchasable","14":"product-type-simple"},"_links":{"self":[{"href":"https:\/\/zoeystoregt.com\/index.php\/wp-json\/wp\/v2\/product\/1666","targetHints":{"allow":["GET"]}}],"collection":[{"href":"https:\/\/zoeystoregt.com\/index.php\/wp-json\/wp\/v2\/product"}],"about":[{"href":"https:\/\/zoeystoregt.com\/index.php\/wp-json\/wp\/v2\/types\/product"}],"replies":[{"embeddable":true,"href":"https:\/\/zoeystoregt.com\/index.php\/wp-json\/wp\/v2\/comments?post=1666"}],"wp:featuredmedia":[{"embeddable":true,"href":"https:\/\/zoeystoregt.com\/index.php\/wp-json\/wp\/v2\/media\/1671"}],"wp:attachment":[{"href":"https:\/\/zoeystoregt.com\/index.php\/wp-json\/wp\/v2\/media?parent=1666"}],"wp:term":[{"taxonomy":"product_brand","embeddable":true,"href":"https:\/\/zoeystoregt.com\/index.php\/wp-json\/wp\/v2\/product_brand?post=1666"},{"taxonomy":"product_cat","embeddable":true,"href":"https:\/\/zoeystoregt.com\/index.php\/wp-json\/wp\/v2\/product_cat?post=1666"},{"taxonomy":"product_tag","embeddable":true,"href":"https:\/\/zoeystoregt.com\/index.php\/wp-json\/wp\/v2\/product_tag?post=1666"}],"curies":[{"name":"wp","href":"https:\/\/api.w.org\/{rel}","templated":true}]}}