{"id":1747,"date":"2026-01-16T15:38:06","date_gmt":"2026-01-16T15:38:06","guid":{"rendered":"https:\/\/zoeystoregt.com\/?post_type=product&#038;p=1747"},"modified":"2026-01-16T15:41:08","modified_gmt":"2026-01-16T15:41:08","slug":"serum-cafeina-roll-on-zoey-line","status":"publish","type":"product","link":"https:\/\/zoeystoregt.com\/index.php\/producto\/serum-cafeina-roll-on-zoey-line\/","title":{"rendered":"S\u00e9rum Cafe\u00edna Roll on &#8211; Zoey Line"},"content":{"rendered":"<p>15 ML<\/p>\n<p>&nbsp;<\/p>\n<div class=\"wc-block-product-description wp-block-woocommerce-product-description is-layout-flow wp-block-woocommerce-product-description-is-layout-flow\" data-block-name=\"woocommerce\/product-description\">\n<p>La cafe\u00edna es un ingrediente antiinflamatorio que mejora visiblemente la circulaci\u00f3n en la piel, los que ayuda a rebajar la hinchaz\u00f3n de debajo de los ojos y atenuar las ojeras. Y no solo esto, sus poderes antioxidantes lo convierten en el activo ideal para combatir arruguitas y signos de envejecimiento.<\/p>\n<\/div>\n<div class=\"wp-block-add-to-cart-form wc-block-add-to-cart-form wc-block-add-to-cart-form--input wp-block-woocommerce-add-to-cart-form\" data-block-name=\"woocommerce\/add-to-cart-form\"><\/div>\n","protected":false},"excerpt":{"rendered":"<p>15 ML &nbsp; La cafe\u00edna es un ingrediente antiinflamatorio que mejora visiblemente la circulaci\u00f3n en la piel, los que ayuda a rebajar la hinchaz\u00f3n de debajo de los ojos y atenuar las ojeras. Y no solo esto, sus poderes antioxidantes lo convierten en el activo ideal para combatir arruguitas y signos de envejecimiento.<\/p>\n","protected":false},"featured_media":1749,"comment_status":"open","ping_status":"closed","template":"","meta":[],"product_brand":[],"product_cat":[50,47],"product_tag":[],"class_list":{"0":"post-1747","1":"product","2":"type-product","3":"status-publish","4":"has-post-thumbnail","6":"product_cat-zoeyline","7":"product_cat-serum","9":"first","10":"instock","11":"taxable","12":"shipping-taxable","13":"purchasable","14":"product-type-simple"},"_links":{"self":[{"href":"https:\/\/zoeystoregt.com\/index.php\/wp-json\/wp\/v2\/product\/1747","targetHints":{"allow":["GET"]}}],"collection":[{"href":"https:\/\/zoeystoregt.com\/index.php\/wp-json\/wp\/v2\/product"}],"about":[{"href":"https:\/\/zoeystoregt.com\/index.php\/wp-json\/wp\/v2\/types\/product"}],"replies":[{"embeddable":true,"href":"https:\/\/zoeystoregt.com\/index.php\/wp-json\/wp\/v2\/comments?post=1747"}],"wp:featuredmedia":[{"embeddable":true,"href":"https:\/\/zoeystoregt.com\/index.php\/wp-json\/wp\/v2\/media\/1749"}],"wp:attachment":[{"href":"https:\/\/zoeystoregt.com\/index.php\/wp-json\/wp\/v2\/media?parent=1747"}],"wp:term":[{"taxonomy":"product_brand","embeddable":true,"href":"https:\/\/zoeystoregt.com\/index.php\/wp-json\/wp\/v2\/product_brand?post=1747"},{"taxonomy":"product_cat","embeddable":true,"href":"https:\/\/zoeystoregt.com\/index.php\/wp-json\/wp\/v2\/product_cat?post=1747"},{"taxonomy":"product_tag","embeddable":true,"href":"https:\/\/zoeystoregt.com\/index.php\/wp-json\/wp\/v2\/product_tag?post=1747"}],"curies":[{"name":"wp","href":"https:\/\/api.w.org\/{rel}","templated":true}]}}