{"id":1828,"date":"2026-02-05T18:28:06","date_gmt":"2026-02-05T18:28:06","guid":{"rendered":"https:\/\/zoeystoregt.com\/?post_type=product&#038;p=1828"},"modified":"2026-02-05T18:28:07","modified_gmt":"2026-02-05T18:28:07","slug":"paleta-de-sombra-candy-cloud-city-color","status":"publish","type":"product","link":"https:\/\/zoeystoregt.com\/index.php\/producto\/paleta-de-sombra-candy-cloud-city-color\/","title":{"rendered":"Paleta de Sombra &#8211; Candy Cloud &#8211; City Color"},"content":{"rendered":"<p>La tienda de dulces ya est\u00e1 abierta y tenemos una gran selecci\u00f3n de tus dulces favoritos. Esperamos que te encante el algod\u00f3n de az\u00facar. La paleta de sombras Candy Cloud te har\u00e1 lucir espectacular.<\/p>\n<p>Altamente pigmentada<br \/>\nDifuminable<br \/>\nAplicable en capas<br \/>\n25 acabados mate, brillantes, met\u00e1licos y de crema a polvo<br \/>\nVegano y sin parabenos<\/p>\n","protected":false},"excerpt":{"rendered":"<p>La tienda de dulces ya est\u00e1 abierta y tenemos una gran selecci\u00f3n de tus dulces favoritos. Esperamos que te encante el algod\u00f3n de az\u00facar. La paleta de sombras Candy Cloud te har\u00e1 lucir espectacular. Altamente pigmentada Difuminable Aplicable en capas 25 acabados mate, brillantes, met\u00e1licos y de crema a polvo Vegano y sin parabenos<\/p>\n","protected":false},"featured_media":1829,"comment_status":"open","ping_status":"closed","template":"","meta":[],"product_brand":[],"product_cat":[59],"product_tag":[],"class_list":{"0":"post-1828","1":"product","2":"type-product","3":"status-publish","4":"has-post-thumbnail","6":"product_cat-sombras","8":"first","9":"instock","10":"taxable","11":"shipping-taxable","12":"purchasable","13":"product-type-simple"},"_links":{"self":[{"href":"https:\/\/zoeystoregt.com\/index.php\/wp-json\/wp\/v2\/product\/1828","targetHints":{"allow":["GET"]}}],"collection":[{"href":"https:\/\/zoeystoregt.com\/index.php\/wp-json\/wp\/v2\/product"}],"about":[{"href":"https:\/\/zoeystoregt.com\/index.php\/wp-json\/wp\/v2\/types\/product"}],"replies":[{"embeddable":true,"href":"https:\/\/zoeystoregt.com\/index.php\/wp-json\/wp\/v2\/comments?post=1828"}],"wp:featuredmedia":[{"embeddable":true,"href":"https:\/\/zoeystoregt.com\/index.php\/wp-json\/wp\/v2\/media\/1829"}],"wp:attachment":[{"href":"https:\/\/zoeystoregt.com\/index.php\/wp-json\/wp\/v2\/media?parent=1828"}],"wp:term":[{"taxonomy":"product_brand","embeddable":true,"href":"https:\/\/zoeystoregt.com\/index.php\/wp-json\/wp\/v2\/product_brand?post=1828"},{"taxonomy":"product_cat","embeddable":true,"href":"https:\/\/zoeystoregt.com\/index.php\/wp-json\/wp\/v2\/product_cat?post=1828"},{"taxonomy":"product_tag","embeddable":true,"href":"https:\/\/zoeystoregt.com\/index.php\/wp-json\/wp\/v2\/product_tag?post=1828"}],"curies":[{"name":"wp","href":"https:\/\/api.w.org\/{rel}","templated":true}]}}