{"id":1836,"date":"2026-02-05T19:08:02","date_gmt":"2026-02-05T19:08:02","guid":{"rendered":"https:\/\/zoeystoregt.com\/?post_type=product&#038;p=1836"},"modified":"2026-02-05T19:08:02","modified_gmt":"2026-02-05T19:08:02","slug":"paleta-de-sombras-kleancolor-tropical-passion","status":"publish","type":"product","link":"https:\/\/zoeystoregt.com\/index.php\/producto\/paleta-de-sombras-kleancolor-tropical-passion\/","title":{"rendered":"Paleta de Sombras &#8211; Kleancolor &#8211; Tropical Passion"},"content":{"rendered":"<p>Esta paleta Tropical Passion es libre de crueldad animal e incluye 15 hermosos tonos de sombras brillantes y 3 magn\u00edficos tonos mate. Sus m\u00faltiples acabados incluyen mate, brillante y duocromo. Su rica pigmentaci\u00f3n ofrece un color intenso. Crea una variedad de looks, desde casuales hasta para salir de noche. Hermosa paleta lenticular.<\/p>\n<p>18 tonos<br \/>\nLa paleta incluye un espejo grande de 15 cm<\/p>\n<p>Libre de crueldad animal<\/p>\n","protected":false},"excerpt":{"rendered":"<p>Esta paleta Tropical Passion es libre de crueldad animal e incluye 15 hermosos tonos de sombras brillantes y 3 magn\u00edficos tonos mate. Sus m\u00faltiples acabados incluyen mate, brillante y duocromo. Su rica pigmentaci\u00f3n ofrece un color intenso. Crea una variedad de looks, desde casuales hasta para salir de noche. Hermosa paleta lenticular. 18 tonos La [&hellip;]<\/p>\n","protected":false},"featured_media":1837,"comment_status":"open","ping_status":"closed","template":"","meta":[],"product_brand":[],"product_cat":[59],"product_tag":[],"class_list":{"0":"post-1836","1":"product","2":"type-product","3":"status-publish","4":"has-post-thumbnail","6":"product_cat-sombras","8":"first","9":"instock","10":"taxable","11":"shipping-taxable","12":"purchasable","13":"product-type-simple"},"_links":{"self":[{"href":"https:\/\/zoeystoregt.com\/index.php\/wp-json\/wp\/v2\/product\/1836","targetHints":{"allow":["GET"]}}],"collection":[{"href":"https:\/\/zoeystoregt.com\/index.php\/wp-json\/wp\/v2\/product"}],"about":[{"href":"https:\/\/zoeystoregt.com\/index.php\/wp-json\/wp\/v2\/types\/product"}],"replies":[{"embeddable":true,"href":"https:\/\/zoeystoregt.com\/index.php\/wp-json\/wp\/v2\/comments?post=1836"}],"wp:featuredmedia":[{"embeddable":true,"href":"https:\/\/zoeystoregt.com\/index.php\/wp-json\/wp\/v2\/media\/1837"}],"wp:attachment":[{"href":"https:\/\/zoeystoregt.com\/index.php\/wp-json\/wp\/v2\/media?parent=1836"}],"wp:term":[{"taxonomy":"product_brand","embeddable":true,"href":"https:\/\/zoeystoregt.com\/index.php\/wp-json\/wp\/v2\/product_brand?post=1836"},{"taxonomy":"product_cat","embeddable":true,"href":"https:\/\/zoeystoregt.com\/index.php\/wp-json\/wp\/v2\/product_cat?post=1836"},{"taxonomy":"product_tag","embeddable":true,"href":"https:\/\/zoeystoregt.com\/index.php\/wp-json\/wp\/v2\/product_tag?post=1836"}],"curies":[{"name":"wp","href":"https:\/\/api.w.org\/{rel}","templated":true}]}}