{"id":185,"date":"2025-11-04T20:38:01","date_gmt":"2025-11-04T20:38:01","guid":{"rendered":"https:\/\/zoeystoregt.com\/?post_type=product&#038;p=185"},"modified":"2025-11-27T14:52:50","modified_gmt":"2025-11-27T14:52:50","slug":"protector-solar","status":"publish","type":"product","link":"https:\/\/zoeystoregt.com\/index.php\/producto\/protector-solar\/","title":{"rendered":"Protector Solar &#8211; Zoey Line"},"content":{"rendered":"<div class=\"xdj266r x14z9mp xat24cr x1lziwak x1vvkbs x126k92a\">\n<div dir=\"auto\">Factor de protecci\u00f3n solar del 45+.<\/div>\n<div dir=\"auto\">Tiene el m\u00e1ximo nivel de protecci\u00f3n solar comprobado cient\u00edficamente.<\/div>\n<\/div>\n<div class=\"x14z9mp xat24cr x1lziwak x1vvkbs xtlvy1s x126k92a\">\n<div dir=\"auto\">Textura fluida, ligera y de r\u00e1pida absorci\u00f3n.<\/div>\n<\/div>\n<div class=\"x14z9mp xat24cr x1lziwak x1vvkbs xtlvy1s x126k92a\">\n<div dir=\"auto\">No deja rastro blanco, ni con sensaci\u00f3n grasosa.<\/div>\n<\/div>\n<div class=\"x14z9mp xat24cr x1lziwak x1vvkbs xtlvy1s x126k92a\">\n<div dir=\"auto\">Contiene Cal\u00e9ndula que suaviza y regenera la piel.<\/div>\n<\/div>\n<div class=\"x14z9mp xat24cr x1lziwak x1vvkbs xtlvy1s x126k92a\">\n<div dir=\"auto\">Formulado con Extracto de aguacate y aloe vera que tonifica y limpia la zona.<\/div>\n<\/div>\n<div class=\"x14z9mp xat24cr x1lziwak x1vvkbs xtlvy1s x126k92a\">\n<div dir=\"auto\">Protege de luz solar y luces artificiales.<\/div>\n<\/div>\n<div class=\"x14z9mp xat24cr x1lziwak x1vvkbs xtlvy1s x126k92a\">\n<div dir=\"auto\">Resistente al agua.<\/div>\n<\/div>\n","protected":false},"excerpt":{"rendered":"<p>Factor de protecci\u00f3n solar del 45+. Tiene el m\u00e1ximo nivel de protecci\u00f3n solar comprobado cient\u00edficamente. Textura fluida, ligera y de r\u00e1pida absorci\u00f3n. No deja rastro blanco, ni con sensaci\u00f3n grasosa. Contiene Cal\u00e9ndula que suaviza y regenera la piel. Formulado con Extracto de aguacate y aloe vera que tonifica y limpia la zona. Protege de luz [&hellip;]<\/p>\n","protected":false},"featured_media":186,"comment_status":"open","ping_status":"closed","template":"","meta":[],"product_brand":[],"product_cat":[30,50],"product_tag":[],"class_list":{"0":"post-185","1":"product","2":"type-product","3":"status-publish","4":"has-post-thumbnail","6":"product_cat-piel","7":"product_cat-zoeyline","9":"first","10":"instock","11":"taxable","12":"shipping-taxable","13":"purchasable","14":"product-type-simple"},"_links":{"self":[{"href":"https:\/\/zoeystoregt.com\/index.php\/wp-json\/wp\/v2\/product\/185","targetHints":{"allow":["GET"]}}],"collection":[{"href":"https:\/\/zoeystoregt.com\/index.php\/wp-json\/wp\/v2\/product"}],"about":[{"href":"https:\/\/zoeystoregt.com\/index.php\/wp-json\/wp\/v2\/types\/product"}],"replies":[{"embeddable":true,"href":"https:\/\/zoeystoregt.com\/index.php\/wp-json\/wp\/v2\/comments?post=185"}],"wp:featuredmedia":[{"embeddable":true,"href":"https:\/\/zoeystoregt.com\/index.php\/wp-json\/wp\/v2\/media\/186"}],"wp:attachment":[{"href":"https:\/\/zoeystoregt.com\/index.php\/wp-json\/wp\/v2\/media?parent=185"}],"wp:term":[{"taxonomy":"product_brand","embeddable":true,"href":"https:\/\/zoeystoregt.com\/index.php\/wp-json\/wp\/v2\/product_brand?post=185"},{"taxonomy":"product_cat","embeddable":true,"href":"https:\/\/zoeystoregt.com\/index.php\/wp-json\/wp\/v2\/product_cat?post=185"},{"taxonomy":"product_tag","embeddable":true,"href":"https:\/\/zoeystoregt.com\/index.php\/wp-json\/wp\/v2\/product_tag?post=185"}],"curies":[{"name":"wp","href":"https:\/\/api.w.org\/{rel}","templated":true}]}}