{"id":1853,"date":"2026-02-09T17:37:45","date_gmt":"2026-02-09T17:37:45","guid":{"rendered":"https:\/\/zoeystoregt.com\/?post_type=product&#038;p=1853"},"modified":"2026-02-09T17:48:14","modified_gmt":"2026-02-09T17:48:14","slug":"serum-menta-y-eucalipto","status":"publish","type":"product","link":"https:\/\/zoeystoregt.com\/index.php\/producto\/serum-menta-y-eucalipto\/","title":{"rendered":"Serum &#8211; Menta y Eucalipto &#8211; Zoey line"},"content":{"rendered":"<p>SERUM DE MENTA &amp; EUCALIPTONUEVA PRESENTACI\u00d3N<br class=\"html-br\" \/>Q60 30ML<br class=\"html-br\" \/>Este serum de menta y eucalipto, no s\u00f3lo te traer\u00e1 calma, sino frescura a tu piel. Va a hidratar, suavizar, y refrescar tu dermis.<br class=\"html-br\" \/>No comedog\u00e9nico<\/p>\n","protected":false},"excerpt":{"rendered":"<p>SERUM DE MENTA &amp; EUCALIPTONUEVA PRESENTACI\u00d3NQ60 30MLEste serum de menta y eucalipto, no s\u00f3lo te traer\u00e1 calma, sino frescura a tu piel. Va a hidratar, suavizar, y refrescar tu dermis.No comedog\u00e9nico<\/p>\n","protected":false},"featured_media":1854,"comment_status":"open","ping_status":"closed","template":"","meta":[],"product_brand":[],"product_cat":[51,47,50],"product_tag":[],"class_list":{"0":"post-1853","1":"product","2":"type-product","3":"status-publish","4":"has-post-thumbnail","6":"product_cat-menta-y-eucalipto","7":"product_cat-serum","8":"product_cat-zoeyline","10":"first","11":"instock","12":"taxable","13":"shipping-taxable","14":"purchasable","15":"product-type-simple"},"_links":{"self":[{"href":"https:\/\/zoeystoregt.com\/index.php\/wp-json\/wp\/v2\/product\/1853","targetHints":{"allow":["GET"]}}],"collection":[{"href":"https:\/\/zoeystoregt.com\/index.php\/wp-json\/wp\/v2\/product"}],"about":[{"href":"https:\/\/zoeystoregt.com\/index.php\/wp-json\/wp\/v2\/types\/product"}],"replies":[{"embeddable":true,"href":"https:\/\/zoeystoregt.com\/index.php\/wp-json\/wp\/v2\/comments?post=1853"}],"wp:featuredmedia":[{"embeddable":true,"href":"https:\/\/zoeystoregt.com\/index.php\/wp-json\/wp\/v2\/media\/1854"}],"wp:attachment":[{"href":"https:\/\/zoeystoregt.com\/index.php\/wp-json\/wp\/v2\/media?parent=1853"}],"wp:term":[{"taxonomy":"product_brand","embeddable":true,"href":"https:\/\/zoeystoregt.com\/index.php\/wp-json\/wp\/v2\/product_brand?post=1853"},{"taxonomy":"product_cat","embeddable":true,"href":"https:\/\/zoeystoregt.com\/index.php\/wp-json\/wp\/v2\/product_cat?post=1853"},{"taxonomy":"product_tag","embeddable":true,"href":"https:\/\/zoeystoregt.com\/index.php\/wp-json\/wp\/v2\/product_tag?post=1853"}],"curies":[{"name":"wp","href":"https:\/\/api.w.org\/{rel}","templated":true}]}}