{"id":191,"date":"2025-11-04T21:03:29","date_gmt":"2025-11-04T21:03:29","guid":{"rendered":"https:\/\/zoeystoregt.com\/?post_type=product&#038;p=191"},"modified":"2025-11-27T14:52:47","modified_gmt":"2025-11-27T14:52:47","slug":"primer-de-rostro-menta-y-eucalipto","status":"publish","type":"product","link":"https:\/\/zoeystoregt.com\/index.php\/producto\/primer-de-rostro-menta-y-eucalipto\/","title":{"rendered":"Primer de Rostro &#8211; Menta y Eucalipto &#8211; Zoey Line"},"content":{"rendered":"<p>Los primer de silicona act\u00faan sobre la capa superior de la piel, como si se tratara de una masilla. La funci\u00f3n de la silicona es la de rellenar las imperfecciones tales como los poros y las l\u00edneas de expresi\u00f3n, permitiendo al maquillaje deslizarse sin problemas.<\/p>\n","protected":false},"excerpt":{"rendered":"<p>Los primer de silicona act\u00faan sobre la capa superior de la piel, como si se tratara de una masilla. La funci\u00f3n de la silicona es la de rellenar las imperfecciones tales como los poros y las l\u00edneas de expresi\u00f3n, permitiendo al maquillaje deslizarse sin problemas.<\/p>\n","protected":false},"featured_media":192,"comment_status":"open","ping_status":"closed","template":"","meta":[],"product_brand":[],"product_cat":[27,51,25,50],"product_tag":[],"class_list":{"0":"post-191","1":"product","2":"type-product","3":"status-publish","4":"has-post-thumbnail","6":"product_cat-maquillaje","7":"product_cat-menta-y-eucalipto","8":"product_cat-rostro","9":"product_cat-zoeyline","11":"first","12":"instock","13":"taxable","14":"shipping-taxable","15":"purchasable","16":"product-type-simple"},"_links":{"self":[{"href":"https:\/\/zoeystoregt.com\/index.php\/wp-json\/wp\/v2\/product\/191","targetHints":{"allow":["GET"]}}],"collection":[{"href":"https:\/\/zoeystoregt.com\/index.php\/wp-json\/wp\/v2\/product"}],"about":[{"href":"https:\/\/zoeystoregt.com\/index.php\/wp-json\/wp\/v2\/types\/product"}],"replies":[{"embeddable":true,"href":"https:\/\/zoeystoregt.com\/index.php\/wp-json\/wp\/v2\/comments?post=191"}],"wp:featuredmedia":[{"embeddable":true,"href":"https:\/\/zoeystoregt.com\/index.php\/wp-json\/wp\/v2\/media\/192"}],"wp:attachment":[{"href":"https:\/\/zoeystoregt.com\/index.php\/wp-json\/wp\/v2\/media?parent=191"}],"wp:term":[{"taxonomy":"product_brand","embeddable":true,"href":"https:\/\/zoeystoregt.com\/index.php\/wp-json\/wp\/v2\/product_brand?post=191"},{"taxonomy":"product_cat","embeddable":true,"href":"https:\/\/zoeystoregt.com\/index.php\/wp-json\/wp\/v2\/product_cat?post=191"},{"taxonomy":"product_tag","embeddable":true,"href":"https:\/\/zoeystoregt.com\/index.php\/wp-json\/wp\/v2\/product_tag?post=191"}],"curies":[{"name":"wp","href":"https:\/\/api.w.org\/{rel}","templated":true}]}}