{"id":1952,"date":"2026-03-11T18:14:38","date_gmt":"2026-03-11T18:14:38","guid":{"rendered":"https:\/\/zoeystoregt.com\/?post_type=product&#038;p=1952"},"modified":"2026-03-11T18:14:38","modified_gmt":"2026-03-11T18:14:38","slug":"dispositivo-facial-de-luces-led","status":"publish","type":"product","link":"https:\/\/zoeystoregt.com\/index.php\/producto\/dispositivo-facial-de-luces-led\/","title":{"rendered":"Dispositivo facial de Luces LED"},"content":{"rendered":"<p>Este dispositivo es un Neck Beauty Device (Modelo MY-601), dise\u00f1ado principalmente para el cuidado de la piel del cuello y el rostro mediante terapia de luz LED y vibraci\u00f3n s\u00f3nica.<br \/>\n\u200bAqu\u00ed tienes los detalles clave basados en el producto de la imagen:<br \/>\n\u200bFunciones Principales<br \/>\n\u200bEste tipo de dispositivos suele operar con tres modos de luz, cada uno con un prop\u00f3sito espec\u00edfico:<br \/>\n\u200bLuz Roja (la que se ve activada): Se utiliza para estimular la producci\u00f3n de col\u00e1geno, reducir arrugas y mejorar la elasticidad de la piel.<br \/>\n\u200bLuz Azul: Generalmente enfocada en eliminar bacterias que causan el acn\u00e9 y reducir la inflamaci\u00f3n.<br \/>\n\u200bLuz Verde: Ayuda a calmar la piel, equilibrar el tono y reducir manchas.<br \/>\n\u200bC\u00f3mo utilizarlo<br \/>\n\u200bLimpieza: Aseg\u00farate de tener la piel limpia y seca antes de empezar.<br \/>\n\u200bAplicaci\u00f3n de crema: Aplica tu s\u00e9rum o crema hidratante favorita; la vibraci\u00f3n s\u00f3nica del aparato ayuda a que los productos penetren mejor en la piel.<br \/>\n\u200bMovimiento: Desliza el cabezal ergon\u00f3mico (que imita la forma del cuello) de abajo hacia arriba<\/p>\n","protected":false},"excerpt":{"rendered":"<p>Este dispositivo es un Neck Beauty Device (Modelo MY-601), dise\u00f1ado principalmente para el cuidado de la piel del cuello y el rostro mediante terapia de luz LED y vibraci\u00f3n s\u00f3nica. \u200bAqu\u00ed tienes los detalles clave basados en el producto de la imagen: \u200bFunciones Principales \u200bEste tipo de dispositivos suele operar con tres modos de luz, [&hellip;]<\/p>\n","protected":false},"featured_media":1957,"comment_status":"open","ping_status":"closed","template":"","meta":[],"product_brand":[],"product_cat":[64],"product_tag":[],"class_list":{"0":"post-1952","1":"product","2":"type-product","3":"status-publish","4":"has-post-thumbnail","6":"product_cat-accesorios","8":"first","9":"instock","10":"taxable","11":"shipping-taxable","12":"purchasable","13":"product-type-simple"},"_links":{"self":[{"href":"https:\/\/zoeystoregt.com\/index.php\/wp-json\/wp\/v2\/product\/1952","targetHints":{"allow":["GET"]}}],"collection":[{"href":"https:\/\/zoeystoregt.com\/index.php\/wp-json\/wp\/v2\/product"}],"about":[{"href":"https:\/\/zoeystoregt.com\/index.php\/wp-json\/wp\/v2\/types\/product"}],"replies":[{"embeddable":true,"href":"https:\/\/zoeystoregt.com\/index.php\/wp-json\/wp\/v2\/comments?post=1952"}],"wp:featuredmedia":[{"embeddable":true,"href":"https:\/\/zoeystoregt.com\/index.php\/wp-json\/wp\/v2\/media\/1957"}],"wp:attachment":[{"href":"https:\/\/zoeystoregt.com\/index.php\/wp-json\/wp\/v2\/media?parent=1952"}],"wp:term":[{"taxonomy":"product_brand","embeddable":true,"href":"https:\/\/zoeystoregt.com\/index.php\/wp-json\/wp\/v2\/product_brand?post=1952"},{"taxonomy":"product_cat","embeddable":true,"href":"https:\/\/zoeystoregt.com\/index.php\/wp-json\/wp\/v2\/product_cat?post=1952"},{"taxonomy":"product_tag","embeddable":true,"href":"https:\/\/zoeystoregt.com\/index.php\/wp-json\/wp\/v2\/product_tag?post=1952"}],"curies":[{"name":"wp","href":"https:\/\/api.w.org\/{rel}","templated":true}]}}