{"id":198,"date":"2025-11-05T14:17:15","date_gmt":"2025-11-05T14:17:15","guid":{"rendered":"https:\/\/zoeystoregt.com\/?post_type=product&#038;p=198"},"modified":"2025-11-27T14:52:32","modified_gmt":"2025-11-27T14:52:32","slug":"limpiador-brochas","status":"publish","type":"product","link":"https:\/\/zoeystoregt.com\/index.php\/producto\/limpiador-brochas\/","title":{"rendered":"Limpiador brochas  &#8211; Zoey Line"},"content":{"rendered":"<div dir=\"auto\">Prevenir infecciones en la piel<\/div>\n<div dir=\"auto\">*Al utilizar una brocha de maquillaje, adem\u00e1s de aplicar el producto, tambi\u00e9n recogemos todas las part\u00edculas depositadas en la piel (aceites, polvo, suciedad\u2026). Al volver a usar la brocha, estas part\u00edculas pueden cerrar el poro y provocar infecciones como el acn\u00e9.<\/div>\n<div dir=\"auto\">* Evitar la contaminaci\u00f3n del producto de maquillaje<\/div>\n<div dir=\"auto\">Cuando una brocha sucia entra en contacto con un producto, la f\u00f3rmula de ese producto puede verse alterada y afectar al resultado final. La limpieza de las brochas tambi\u00e9n es fundamental para alargar la vida \u00fatil de los productos.<\/div>\n<div dir=\"auto\"><span class=\"html-span xexx8yu xyri2b x18d9i69 x1c1uobl x1hl2dhg x16tdsg8 x1vvkbs x3nfvp2 x1j61x8r x1fcty0u xdj266r xat24cr xm2jcoa x1mpyi22 xxymvpz xlup9mm x1kky2od\">*<\/span>\u00a0Evitar distorsionar el tono de un producto<\/div>\n<div dir=\"auto\">Si utilizas la misma brocha para aplicar productos con diferentes tonalidades, el resultado que obtendr\u00e1s estar\u00e1 distorsionado. Para obtener un resultado profesional es imprescindible contar con diferentes herramientas y limpiar bien las brochas antes de aplicar otro producto.<\/div>\n<div dir=\"auto\"><\/div>\n<div dir=\"auto\">120 ml<\/div>\n","protected":false},"excerpt":{"rendered":"<p>Prevenir infecciones en la piel *Al utilizar una brocha de maquillaje, adem\u00e1s de aplicar el producto, tambi\u00e9n recogemos todas las part\u00edculas depositadas en la piel (aceites, polvo, suciedad\u2026). Al volver a usar la brocha, estas part\u00edculas pueden cerrar el poro y provocar infecciones como el acn\u00e9. * Evitar la contaminaci\u00f3n del producto de maquillaje Cuando [&hellip;]<\/p>\n","protected":false},"featured_media":199,"comment_status":"open","ping_status":"closed","template":"","meta":[],"product_brand":[],"product_cat":[58,27,50],"product_tag":[],"class_list":{"0":"post-198","1":"product","2":"type-product","3":"status-publish","4":"has-post-thumbnail","6":"product_cat-brochas","7":"product_cat-maquillaje","8":"product_cat-zoeyline","10":"first","11":"instock","12":"taxable","13":"shipping-taxable","14":"purchasable","15":"product-type-simple"},"_links":{"self":[{"href":"https:\/\/zoeystoregt.com\/index.php\/wp-json\/wp\/v2\/product\/198","targetHints":{"allow":["GET"]}}],"collection":[{"href":"https:\/\/zoeystoregt.com\/index.php\/wp-json\/wp\/v2\/product"}],"about":[{"href":"https:\/\/zoeystoregt.com\/index.php\/wp-json\/wp\/v2\/types\/product"}],"replies":[{"embeddable":true,"href":"https:\/\/zoeystoregt.com\/index.php\/wp-json\/wp\/v2\/comments?post=198"}],"wp:featuredmedia":[{"embeddable":true,"href":"https:\/\/zoeystoregt.com\/index.php\/wp-json\/wp\/v2\/media\/199"}],"wp:attachment":[{"href":"https:\/\/zoeystoregt.com\/index.php\/wp-json\/wp\/v2\/media?parent=198"}],"wp:term":[{"taxonomy":"product_brand","embeddable":true,"href":"https:\/\/zoeystoregt.com\/index.php\/wp-json\/wp\/v2\/product_brand?post=198"},{"taxonomy":"product_cat","embeddable":true,"href":"https:\/\/zoeystoregt.com\/index.php\/wp-json\/wp\/v2\/product_cat?post=198"},{"taxonomy":"product_tag","embeddable":true,"href":"https:\/\/zoeystoregt.com\/index.php\/wp-json\/wp\/v2\/product_tag?post=198"}],"curies":[{"name":"wp","href":"https:\/\/api.w.org\/{rel}","templated":true}]}}