{"id":202,"date":"2025-11-05T14:32:27","date_gmt":"2025-11-05T14:32:27","guid":{"rendered":"https:\/\/zoeystoregt.com\/?post_type=product&#038;p=202"},"modified":"2025-11-27T14:52:20","modified_gmt":"2025-11-27T14:52:20","slug":"agua-de-rosas","status":"publish","type":"product","link":"https:\/\/zoeystoregt.com\/index.php\/producto\/agua-de-rosas\/","title":{"rendered":"Agua de Rosas  &#8211; Zoey Line"},"content":{"rendered":"<div class=\"x14z9mp xat24cr x1lziwak x1vvkbs xtlvy1s x126k92a\">\n<div dir=\"auto\">\u00a1Los beneficios del agua de rosas para tu piel son m\u00faltiples! Te contamos todo lo que puede hacer por ti:<\/div>\n<\/div>\n<div class=\"x14z9mp xat24cr x1lziwak x1vvkbs xtlvy1s x126k92a\">\n<div dir=\"auto\">&#8211; Alta concentraci\u00f3n en vitamina C , consigue unificar el tono de la piel y ayuda a combatir las manchas.<\/div>\n<div dir=\"auto\">&#8211; Contiene vitamina B y E , y es un t\u00f3nico natural que elimina las impurezas y deja la piel suave e hidratada.<\/div>\n<div dir=\"auto\">&#8211; Ayuda a prevenir los signos del envejecimiento . Su pureza y su naturalidad implican que, con su uso, se retrase la aparici\u00f3n de las l\u00edneas de expresi\u00f3n, manteniendo un aspecto juvenil.<\/div>\n<div dir=\"auto\">&#8211; Por su versatilidad, es f\u00e1cil integrarlo en diferentes tratamientos y formatos como t\u00f3nico, limpiador, para el cabello o incluso como agua relajante.<\/div>\n<\/div>\n<div class=\"x14z9mp xat24cr x1lziwak x1vvkbs xtlvy1s x126k92a\">\n<div dir=\"auto\">El agua de rosas, adem\u00e1s de ser beneficioso para prevenir los signos de la edad, \u00a1la hidrata y alivia aportando una agradable sensaci\u00f3n de limpieza y relax!<\/div>\n<\/div>\n","protected":false},"excerpt":{"rendered":"<p>\u00a1Los beneficios del agua de rosas para tu piel son m\u00faltiples! Te contamos todo lo que puede hacer por ti: &#8211; Alta concentraci\u00f3n en vitamina C , consigue unificar el tono de la piel y ayuda a combatir las manchas. &#8211; Contiene vitamina B y E , y es un t\u00f3nico natural que elimina las [&hellip;]<\/p>\n","protected":false},"featured_media":203,"comment_status":"open","ping_status":"closed","template":"","meta":[],"product_brand":[],"product_cat":[55,28,50],"product_tag":[],"class_list":{"0":"post-202","1":"product","2":"type-product","3":"status-publish","4":"has-post-thumbnail","6":"product_cat-rosas","7":"product_cat-spray","8":"product_cat-zoeyline","10":"first","11":"instock","12":"taxable","13":"shipping-taxable","14":"purchasable","15":"product-type-simple"},"_links":{"self":[{"href":"https:\/\/zoeystoregt.com\/index.php\/wp-json\/wp\/v2\/product\/202","targetHints":{"allow":["GET"]}}],"collection":[{"href":"https:\/\/zoeystoregt.com\/index.php\/wp-json\/wp\/v2\/product"}],"about":[{"href":"https:\/\/zoeystoregt.com\/index.php\/wp-json\/wp\/v2\/types\/product"}],"replies":[{"embeddable":true,"href":"https:\/\/zoeystoregt.com\/index.php\/wp-json\/wp\/v2\/comments?post=202"}],"wp:featuredmedia":[{"embeddable":true,"href":"https:\/\/zoeystoregt.com\/index.php\/wp-json\/wp\/v2\/media\/203"}],"wp:attachment":[{"href":"https:\/\/zoeystoregt.com\/index.php\/wp-json\/wp\/v2\/media?parent=202"}],"wp:term":[{"taxonomy":"product_brand","embeddable":true,"href":"https:\/\/zoeystoregt.com\/index.php\/wp-json\/wp\/v2\/product_brand?post=202"},{"taxonomy":"product_cat","embeddable":true,"href":"https:\/\/zoeystoregt.com\/index.php\/wp-json\/wp\/v2\/product_cat?post=202"},{"taxonomy":"product_tag","embeddable":true,"href":"https:\/\/zoeystoregt.com\/index.php\/wp-json\/wp\/v2\/product_tag?post=202"}],"curies":[{"name":"wp","href":"https:\/\/api.w.org\/{rel}","templated":true}]}}