{"id":207,"date":"2025-11-05T14:44:34","date_gmt":"2025-11-05T14:44:34","guid":{"rendered":"https:\/\/zoeystoregt.com\/?post_type=product&#038;p=207"},"modified":"2025-11-27T14:52:11","modified_gmt":"2025-11-27T14:52:11","slug":"ayuda-a-hidratar-la-piel-y-te-deja-una-sensacion-de-suavidad-y-calma-en-la-zona-donde-lo-apliques","status":"publish","type":"product","link":"https:\/\/zoeystoregt.com\/index.php\/producto\/ayuda-a-hidratar-la-piel-y-te-deja-una-sensacion-de-suavidad-y-calma-en-la-zona-donde-lo-apliques\/","title":{"rendered":"T\u00f3nico de Cal\u00e9ndula &#8211; Zoey Line"},"content":{"rendered":"<p>Ayuda a hidratar la piel y te deja una sensaci\u00f3n de suavidad y calma en la zona donde lo apliques.<\/p>\n<p>120 ml<\/p>\n","protected":false},"excerpt":{"rendered":"<p>Ayuda a hidratar la piel y te deja una sensaci\u00f3n de suavidad y calma en la zona donde lo apliques. 120 ml<\/p>\n","protected":false},"featured_media":208,"comment_status":"open","ping_status":"closed","template":"","meta":[],"product_brand":[],"product_cat":[21,50],"product_tag":[],"class_list":{"0":"post-207","1":"product","2":"type-product","3":"status-publish","4":"has-post-thumbnail","6":"product_cat-limpieza","7":"product_cat-zoeyline","9":"first","10":"instock","11":"taxable","12":"shipping-taxable","13":"purchasable","14":"product-type-simple"},"_links":{"self":[{"href":"https:\/\/zoeystoregt.com\/index.php\/wp-json\/wp\/v2\/product\/207","targetHints":{"allow":["GET"]}}],"collection":[{"href":"https:\/\/zoeystoregt.com\/index.php\/wp-json\/wp\/v2\/product"}],"about":[{"href":"https:\/\/zoeystoregt.com\/index.php\/wp-json\/wp\/v2\/types\/product"}],"replies":[{"embeddable":true,"href":"https:\/\/zoeystoregt.com\/index.php\/wp-json\/wp\/v2\/comments?post=207"}],"wp:featuredmedia":[{"embeddable":true,"href":"https:\/\/zoeystoregt.com\/index.php\/wp-json\/wp\/v2\/media\/208"}],"wp:attachment":[{"href":"https:\/\/zoeystoregt.com\/index.php\/wp-json\/wp\/v2\/media?parent=207"}],"wp:term":[{"taxonomy":"product_brand","embeddable":true,"href":"https:\/\/zoeystoregt.com\/index.php\/wp-json\/wp\/v2\/product_brand?post=207"},{"taxonomy":"product_cat","embeddable":true,"href":"https:\/\/zoeystoregt.com\/index.php\/wp-json\/wp\/v2\/product_cat?post=207"},{"taxonomy":"product_tag","embeddable":true,"href":"https:\/\/zoeystoregt.com\/index.php\/wp-json\/wp\/v2\/product_tag?post=207"}],"curies":[{"name":"wp","href":"https:\/\/api.w.org\/{rel}","templated":true}]}}