{"id":302,"date":"2025-11-06T20:16:59","date_gmt":"2025-11-06T20:16:59","guid":{"rendered":"https:\/\/zoeystoregt.com\/?post_type=product&#038;p=302"},"modified":"2025-12-05T14:55:34","modified_gmt":"2025-12-05T14:55:34","slug":"kit-hidratacion","status":"publish","type":"product","link":"https:\/\/zoeystoregt.com\/index.php\/producto\/kit-hidratacion\/","title":{"rendered":"Kit Hidrataci\u00f3n"},"content":{"rendered":"<p>Debido al mal cuidado de la piel e incluso al envejecimiento, la dermis y la epidermis se vuelven m\u00e1s finas y vulnerables. De este modo el hecho de no cuidar la piel provoca que se vuelva m\u00e1s seca y con el paso de los a\u00f1os deja de generar aceites esenciales<br class=\"html-br\" \/>Por eso este kit es perfecto para empezar a cuidarla<\/p>\n<p>Incluye:<\/p>\n<ul>\n<li>Agua Micelar 30ml<\/li>\n<li>Primer Spray 120ml<\/li>\n<li>Contorno de Ojos 0.7<\/li>\n<li>Serum Booster 30ml<\/li>\n<li>Crema Bomba 1 onz<\/li>\n<li>\u00c1cido Hialur\u00f3nico 1 onz<\/li>\n<\/ul>\n","protected":false},"excerpt":{"rendered":"<p>Debido al mal cuidado de la piel e incluso al envejecimiento, la dermis y la epidermis se vuelven m\u00e1s finas y vulnerables. De este modo el hecho de no cuidar la piel provoca que se vuelva m\u00e1s seca y con el paso de los a\u00f1os deja de generar aceites esencialesPor eso este kit es perfecto [&hellip;]<\/p>\n","protected":false},"featured_media":303,"comment_status":"open","ping_status":"closed","template":"","meta":[],"product_brand":[],"product_cat":[32],"product_tag":[],"class_list":{"0":"post-302","1":"product","2":"type-product","3":"status-publish","4":"has-post-thumbnail","6":"product_cat-combos","8":"first","9":"instock","10":"taxable","11":"shipping-taxable","12":"purchasable","13":"product-type-simple"},"_links":{"self":[{"href":"https:\/\/zoeystoregt.com\/index.php\/wp-json\/wp\/v2\/product\/302","targetHints":{"allow":["GET"]}}],"collection":[{"href":"https:\/\/zoeystoregt.com\/index.php\/wp-json\/wp\/v2\/product"}],"about":[{"href":"https:\/\/zoeystoregt.com\/index.php\/wp-json\/wp\/v2\/types\/product"}],"replies":[{"embeddable":true,"href":"https:\/\/zoeystoregt.com\/index.php\/wp-json\/wp\/v2\/comments?post=302"}],"wp:featuredmedia":[{"embeddable":true,"href":"https:\/\/zoeystoregt.com\/index.php\/wp-json\/wp\/v2\/media\/303"}],"wp:attachment":[{"href":"https:\/\/zoeystoregt.com\/index.php\/wp-json\/wp\/v2\/media?parent=302"}],"wp:term":[{"taxonomy":"product_brand","embeddable":true,"href":"https:\/\/zoeystoregt.com\/index.php\/wp-json\/wp\/v2\/product_brand?post=302"},{"taxonomy":"product_cat","embeddable":true,"href":"https:\/\/zoeystoregt.com\/index.php\/wp-json\/wp\/v2\/product_cat?post=302"},{"taxonomy":"product_tag","embeddable":true,"href":"https:\/\/zoeystoregt.com\/index.php\/wp-json\/wp\/v2\/product_tag?post=302"}],"curies":[{"name":"wp","href":"https:\/\/api.w.org\/{rel}","templated":true}]}}