{"id":313,"date":"2025-11-07T15:00:50","date_gmt":"2025-11-07T15:00:50","guid":{"rendered":"https:\/\/zoeystoregt.com\/?post_type=product&#038;p=313"},"modified":"2025-12-05T14:57:40","modified_gmt":"2025-12-05T14:57:40","slug":"combo-piel-grasa-menta-eucalipto","status":"publish","type":"product","link":"https:\/\/zoeystoregt.com\/index.php\/producto\/combo-piel-grasa-menta-eucalipto\/","title":{"rendered":"Combo Piel Grasa &#8211; MENTA &#038; EUCALIPTO"},"content":{"rendered":"<p><strong>\u00a0KIT MENTA &amp; EUCALIPTO<br class=\"html-br\" \/>Que incluye:<br class=\"html-br\" \/>*Spray menta &amp; eucalipto<br class=\"html-br\" \/>*Serum arroz o menta &amp; eucalipto<br class=\"html-br\" \/>*Crema a base de agua<br class=\"html-br\" \/><br class=\"html-br\" \/>Se podr\u00eda entender el temor de usar humectante teniendo la piel grasa, pues esto podr\u00eda aumentar la producci\u00f3n de sebo. No obstante, existen humectantes especiales para este tipo de piel, solo debes asegurarte de que estos no contengan aceite.<br class=\"html-br\" \/><br class=\"html-br\" \/>El secreto luego de que encuentres la rutina perfecta para ti es no abandonarla y ser constante.<\/strong><\/p>\n","protected":false},"excerpt":{"rendered":"<p>\u00a0KIT MENTA &amp; EUCALIPTOQue incluye:*Spray menta &amp; eucalipto*Serum arroz o menta &amp; eucalipto*Crema a base de aguaSe podr\u00eda entender el temor de usar humectante teniendo la piel grasa, pues esto podr\u00eda aumentar la producci\u00f3n de sebo. No obstante, existen humectantes especiales para este tipo de piel, solo debes asegurarte de que estos no contengan aceite.El [&hellip;]<\/p>\n","protected":false},"featured_media":314,"comment_status":"open","ping_status":"closed","template":"","meta":[],"product_brand":[],"product_cat":[32,51],"product_tag":[],"class_list":{"0":"post-313","1":"product","2":"type-product","3":"status-publish","4":"has-post-thumbnail","6":"product_cat-combos","7":"product_cat-menta-y-eucalipto","9":"first","10":"instock","11":"taxable","12":"shipping-taxable","13":"purchasable","14":"product-type-simple"},"_links":{"self":[{"href":"https:\/\/zoeystoregt.com\/index.php\/wp-json\/wp\/v2\/product\/313","targetHints":{"allow":["GET"]}}],"collection":[{"href":"https:\/\/zoeystoregt.com\/index.php\/wp-json\/wp\/v2\/product"}],"about":[{"href":"https:\/\/zoeystoregt.com\/index.php\/wp-json\/wp\/v2\/types\/product"}],"replies":[{"embeddable":true,"href":"https:\/\/zoeystoregt.com\/index.php\/wp-json\/wp\/v2\/comments?post=313"}],"wp:featuredmedia":[{"embeddable":true,"href":"https:\/\/zoeystoregt.com\/index.php\/wp-json\/wp\/v2\/media\/314"}],"wp:attachment":[{"href":"https:\/\/zoeystoregt.com\/index.php\/wp-json\/wp\/v2\/media?parent=313"}],"wp:term":[{"taxonomy":"product_brand","embeddable":true,"href":"https:\/\/zoeystoregt.com\/index.php\/wp-json\/wp\/v2\/product_brand?post=313"},{"taxonomy":"product_cat","embeddable":true,"href":"https:\/\/zoeystoregt.com\/index.php\/wp-json\/wp\/v2\/product_cat?post=313"},{"taxonomy":"product_tag","embeddable":true,"href":"https:\/\/zoeystoregt.com\/index.php\/wp-json\/wp\/v2\/product_tag?post=313"}],"curies":[{"name":"wp","href":"https:\/\/api.w.org\/{rel}","templated":true}]}}