{"id":427,"date":"2025-11-11T15:35:13","date_gmt":"2025-11-11T15:35:13","guid":{"rendered":"https:\/\/zoeystoregt.com\/index.php\/product\/serum-sandia-kormesic\/"},"modified":"2025-11-12T14:57:13","modified_gmt":"2025-11-12T14:57:13","slug":"serum-sandia-kormesic","status":"publish","type":"product","link":"https:\/\/zoeystoregt.com\/index.php\/producto\/serum-sandia-kormesic\/","title":{"rendered":"Serum Sandia Kormesic"},"content":{"rendered":"<div class=\"xdj266r x14z9mp xat24cr x1lziwak x1vvkbs x126k92a\">\n<div dir=\"auto\">Serum sand\u00eda Kormesic<\/div>\n<div dir=\"auto\">Q60.00<\/div>\n<\/div>\n<div class=\"x14z9mp xat24cr x1lziwak x1vvkbs xtlvy1s x126k92a\">\n<div dir=\"auto\">* Mejorar eficazmente el tono desigual de la piel.<\/div>\n<\/div>\n<div class=\"x14z9mp xat24cr x1lziwak x1vvkbs xtlvy1s x126k92a\">\n<div dir=\"auto\">Reduce las l\u00edneas finas y nutre.<\/div>\n<div dir=\"auto\">Brillado blanqueador<\/div>\n<div dir=\"auto\">Niacinamida<\/div>\n<div dir=\"auto\">Niacinamida sand\u00eda<\/div>\n<div dir=\"auto\">Suero luminoso<\/div>\n<div dir=\"auto\">1.52 fl. OZ.e45ml<\/div>\n<\/div>\n","protected":false},"excerpt":{"rendered":"<p>Serum sand\u00eda Kormesic Q60.00 * Mejorar eficazmente el tono desigual de la piel. Reduce las l\u00edneas finas y nutre. Brillado blanqueador Niacinamida Niacinamida sand\u00eda Suero luminoso 1.52 fl. OZ.e45ml<\/p>\n","protected":false},"featured_media":460,"comment_status":"open","ping_status":"closed","template":"","meta":[],"product_brand":[],"product_cat":[29,28],"product_tag":[],"class_list":{"0":"post-427","1":"product","2":"type-product","3":"status-publish","4":"has-post-thumbnail","6":"product_cat-hidratacion","7":"product_cat-spray","9":"first","10":"instock","11":"taxable","12":"shipping-taxable","13":"purchasable","14":"product-type-simple"},"_links":{"self":[{"href":"https:\/\/zoeystoregt.com\/index.php\/wp-json\/wp\/v2\/product\/427","targetHints":{"allow":["GET"]}}],"collection":[{"href":"https:\/\/zoeystoregt.com\/index.php\/wp-json\/wp\/v2\/product"}],"about":[{"href":"https:\/\/zoeystoregt.com\/index.php\/wp-json\/wp\/v2\/types\/product"}],"replies":[{"embeddable":true,"href":"https:\/\/zoeystoregt.com\/index.php\/wp-json\/wp\/v2\/comments?post=427"}],"wp:featuredmedia":[{"embeddable":true,"href":"https:\/\/zoeystoregt.com\/index.php\/wp-json\/wp\/v2\/media\/460"}],"wp:attachment":[{"href":"https:\/\/zoeystoregt.com\/index.php\/wp-json\/wp\/v2\/media?parent=427"}],"wp:term":[{"taxonomy":"product_brand","embeddable":true,"href":"https:\/\/zoeystoregt.com\/index.php\/wp-json\/wp\/v2\/product_brand?post=427"},{"taxonomy":"product_cat","embeddable":true,"href":"https:\/\/zoeystoregt.com\/index.php\/wp-json\/wp\/v2\/product_cat?post=427"},{"taxonomy":"product_tag","embeddable":true,"href":"https:\/\/zoeystoregt.com\/index.php\/wp-json\/wp\/v2\/product_tag?post=427"}],"curies":[{"name":"wp","href":"https:\/\/api.w.org\/{rel}","templated":true}]}}