{"id":488,"date":"2025-11-11T18:04:16","date_gmt":"2025-11-11T18:04:16","guid":{"rendered":"https:\/\/zoeystoregt.com\/?post_type=product&#038;p=488"},"modified":"2025-12-15T16:45:47","modified_gmt":"2025-12-15T16:45:47","slug":"perfume-arabe-vainilla-talco","status":"publish","type":"product","link":"https:\/\/zoeystoregt.com\/index.php\/producto\/perfume-arabe-vainilla-talco\/","title":{"rendered":"Perfume \u00c1rabe Vainilla Talco 250 ml"},"content":{"rendered":"<p>250 ML<\/p>\n<p>\u00a1Me encanta la fragancia que huele a grosellas negras y hojas verdes al principio! Luego, las notas de coraz\u00f3n de rosa y jazm\u00edn con un toque de ra\u00edz de lirio me transportan a un jard\u00edn m\u00e1gico. \u00a0Es una combinaci\u00f3n s\u00faper elegante y femenina que me hace sentir especial. Definitivamente, se ha convertido en mi nuevo aroma favorito para ocasiones especiales. \u00a1Una verdadera joya!<\/p>\n","protected":false},"excerpt":{"rendered":"<p>250 ML \u00a1Me encanta la fragancia que huele a grosellas negras y hojas verdes al principio! Luego, las notas de coraz\u00f3n de rosa y jazm\u00edn con un toque de ra\u00edz de lirio me transportan a un jard\u00edn m\u00e1gico. \u00a0Es una combinaci\u00f3n s\u00faper elegante y femenina que me hace sentir especial. Definitivamente, se ha convertido en [&hellip;]<\/p>\n","protected":false},"featured_media":489,"comment_status":"open","ping_status":"closed","template":"","meta":[],"product_brand":[],"product_cat":[65],"product_tag":[],"class_list":{"0":"post-488","1":"product","2":"type-product","3":"status-publish","4":"has-post-thumbnail","6":"product_cat-perfumes","8":"first","9":"instock","10":"taxable","11":"shipping-taxable","12":"purchasable","13":"product-type-simple"},"_links":{"self":[{"href":"https:\/\/zoeystoregt.com\/index.php\/wp-json\/wp\/v2\/product\/488","targetHints":{"allow":["GET"]}}],"collection":[{"href":"https:\/\/zoeystoregt.com\/index.php\/wp-json\/wp\/v2\/product"}],"about":[{"href":"https:\/\/zoeystoregt.com\/index.php\/wp-json\/wp\/v2\/types\/product"}],"replies":[{"embeddable":true,"href":"https:\/\/zoeystoregt.com\/index.php\/wp-json\/wp\/v2\/comments?post=488"}],"wp:featuredmedia":[{"embeddable":true,"href":"https:\/\/zoeystoregt.com\/index.php\/wp-json\/wp\/v2\/media\/489"}],"wp:attachment":[{"href":"https:\/\/zoeystoregt.com\/index.php\/wp-json\/wp\/v2\/media?parent=488"}],"wp:term":[{"taxonomy":"product_brand","embeddable":true,"href":"https:\/\/zoeystoregt.com\/index.php\/wp-json\/wp\/v2\/product_brand?post=488"},{"taxonomy":"product_cat","embeddable":true,"href":"https:\/\/zoeystoregt.com\/index.php\/wp-json\/wp\/v2\/product_cat?post=488"},{"taxonomy":"product_tag","embeddable":true,"href":"https:\/\/zoeystoregt.com\/index.php\/wp-json\/wp\/v2\/product_tag?post=488"}],"curies":[{"name":"wp","href":"https:\/\/api.w.org\/{rel}","templated":true}]}}