{"id":521,"date":"2025-11-12T14:46:01","date_gmt":"2025-11-12T14:46:01","guid":{"rendered":"https:\/\/zoeystoregt.com\/?post_type=product&#038;p=521"},"modified":"2025-11-27T14:50:32","modified_gmt":"2025-11-27T14:50:32","slug":"serum-vitamina-c","status":"publish","type":"product","link":"https:\/\/zoeystoregt.com\/index.php\/producto\/serum-vitamina-c\/","title":{"rendered":"Serum &#8211; Vitamina C &#8211; Zoey Line"},"content":{"rendered":"<div dir=\"auto\">\u00a1Dale Brillo a Tu Piel con Vitamina C!<\/div>\n<div dir=\"auto\">\u00bfQuieres una piel radiante y protegida? El serum de vitamina C es tu mejor aliado. Aqu\u00ed te contamos por qu\u00e9 deber\u00edas incluirlo en tu rutina:<\/div>\n<div dir=\"auto\">* Piel m\u00e1s luminosa: Desp\u00eddete de la piel apagada y da la bienvenida a un brillo natural.<\/div>\n<div dir=\"auto\">* Antioxidante potente: Combate los da\u00f1os causados por el sol y la contaminaci\u00f3n.<\/div>\n<div dir=\"auto\">* Estimula el col\u00e1geno: Ayuda a reducir l\u00edneas finas y mejora la elasticidad.<\/div>\n<div dir=\"auto\">* Unifica el tono: Reduce manchas y cicatrices de acn\u00e9 para una piel m\u00e1s uniforme.<\/div>\n<div dir=\"auto\"><\/div>\n","protected":false},"excerpt":{"rendered":"<p>\u00a1Dale Brillo a Tu Piel con Vitamina C! \u00bfQuieres una piel radiante y protegida? El serum de vitamina C es tu mejor aliado. Aqu\u00ed te contamos por qu\u00e9 deber\u00edas incluirlo en tu rutina: * Piel m\u00e1s luminosa: Desp\u00eddete de la piel apagada y da la bienvenida a un brillo natural. * Antioxidante potente: Combate los [&hellip;]<\/p>\n","protected":false},"featured_media":522,"comment_status":"open","ping_status":"closed","template":"","meta":[],"product_brand":[],"product_cat":[47,53,50],"product_tag":[],"class_list":{"0":"post-521","1":"product","2":"type-product","3":"status-publish","4":"has-post-thumbnail","6":"product_cat-serum","7":"product_cat-vitaminac","8":"product_cat-zoeyline","10":"first","11":"instock","12":"taxable","13":"shipping-taxable","14":"purchasable","15":"product-type-simple"},"_links":{"self":[{"href":"https:\/\/zoeystoregt.com\/index.php\/wp-json\/wp\/v2\/product\/521","targetHints":{"allow":["GET"]}}],"collection":[{"href":"https:\/\/zoeystoregt.com\/index.php\/wp-json\/wp\/v2\/product"}],"about":[{"href":"https:\/\/zoeystoregt.com\/index.php\/wp-json\/wp\/v2\/types\/product"}],"replies":[{"embeddable":true,"href":"https:\/\/zoeystoregt.com\/index.php\/wp-json\/wp\/v2\/comments?post=521"}],"wp:featuredmedia":[{"embeddable":true,"href":"https:\/\/zoeystoregt.com\/index.php\/wp-json\/wp\/v2\/media\/522"}],"wp:attachment":[{"href":"https:\/\/zoeystoregt.com\/index.php\/wp-json\/wp\/v2\/media?parent=521"}],"wp:term":[{"taxonomy":"product_brand","embeddable":true,"href":"https:\/\/zoeystoregt.com\/index.php\/wp-json\/wp\/v2\/product_brand?post=521"},{"taxonomy":"product_cat","embeddable":true,"href":"https:\/\/zoeystoregt.com\/index.php\/wp-json\/wp\/v2\/product_cat?post=521"},{"taxonomy":"product_tag","embeddable":true,"href":"https:\/\/zoeystoregt.com\/index.php\/wp-json\/wp\/v2\/product_tag?post=521"}],"curies":[{"name":"wp","href":"https:\/\/api.w.org\/{rel}","templated":true}]}}