{"id":533,"date":"2025-11-12T16:11:14","date_gmt":"2025-11-12T16:11:14","guid":{"rendered":"https:\/\/zoeystoregt.com\/?post_type=product&#038;p=533"},"modified":"2026-02-09T16:46:55","modified_gmt":"2026-02-09T16:46:55","slug":"spray-primer-mandarina","status":"publish","type":"product","link":"https:\/\/zoeystoregt.com\/index.php\/producto\/spray-primer-mandarina\/","title":{"rendered":"Spray Primer &#8211; Mandarina &#8211; Zoey Line"},"content":{"rendered":"<p>Puedes utilizarlos antes de tu maquillaje para hidratar tu piel y como sellador diario<\/p>\n<div dir=\"auto\">Este primer spray ser\u00eda el primer producto que aplicas despu\u00e9s de limpiar tu rostro. Hidrata al instante, ayuda a la generaci\u00f3n natural de col\u00e1geno, calma y tiene un aroma delicioso<\/div>\n<div dir=\"auto\">Sentir\u00e1s tu piel renovada<\/div>\n<div dir=\"auto\"><\/div>\n<div dir=\"auto\">Apl\u00edcalo de d\u00eda y de noche luego se limpiar tu rostro<\/div>\n","protected":false},"excerpt":{"rendered":"<p>Puedes utilizarlos antes de tu maquillaje para hidratar tu piel y como sellador diario Este primer spray ser\u00eda el primer producto que aplicas despu\u00e9s de limpiar tu rostro. Hidrata al instante, ayuda a la generaci\u00f3n natural de col\u00e1geno, calma y tiene un aroma delicioso Sentir\u00e1s tu piel renovada Apl\u00edcalo de d\u00eda y de noche luego [&hellip;]<\/p>\n","protected":false},"featured_media":1846,"comment_status":"open","ping_status":"closed","template":"","meta":[],"product_brand":[],"product_cat":[52,28,50],"product_tag":[],"class_list":{"0":"post-533","1":"product","2":"type-product","3":"status-publish","4":"has-post-thumbnail","6":"product_cat-mandarina","7":"product_cat-spray","8":"product_cat-zoeyline","10":"first","11":"instock","12":"taxable","13":"shipping-taxable","14":"purchasable","15":"product-type-simple"},"_links":{"self":[{"href":"https:\/\/zoeystoregt.com\/index.php\/wp-json\/wp\/v2\/product\/533","targetHints":{"allow":["GET"]}}],"collection":[{"href":"https:\/\/zoeystoregt.com\/index.php\/wp-json\/wp\/v2\/product"}],"about":[{"href":"https:\/\/zoeystoregt.com\/index.php\/wp-json\/wp\/v2\/types\/product"}],"replies":[{"embeddable":true,"href":"https:\/\/zoeystoregt.com\/index.php\/wp-json\/wp\/v2\/comments?post=533"}],"wp:featuredmedia":[{"embeddable":true,"href":"https:\/\/zoeystoregt.com\/index.php\/wp-json\/wp\/v2\/media\/1846"}],"wp:attachment":[{"href":"https:\/\/zoeystoregt.com\/index.php\/wp-json\/wp\/v2\/media?parent=533"}],"wp:term":[{"taxonomy":"product_brand","embeddable":true,"href":"https:\/\/zoeystoregt.com\/index.php\/wp-json\/wp\/v2\/product_brand?post=533"},{"taxonomy":"product_cat","embeddable":true,"href":"https:\/\/zoeystoregt.com\/index.php\/wp-json\/wp\/v2\/product_cat?post=533"},{"taxonomy":"product_tag","embeddable":true,"href":"https:\/\/zoeystoregt.com\/index.php\/wp-json\/wp\/v2\/product_tag?post=533"}],"curies":[{"name":"wp","href":"https:\/\/api.w.org\/{rel}","templated":true}]}}