{"id":551,"date":"2025-11-12T17:58:18","date_gmt":"2025-11-12T17:58:18","guid":{"rendered":"https:\/\/zoeystoregt.com\/?post_type=product&#038;p=551"},"modified":"2025-12-05T14:51:05","modified_gmt":"2025-12-05T14:51:05","slug":"agua-micelar-60-ml","status":"publish","type":"product","link":"https:\/\/zoeystoregt.com\/index.php\/producto\/agua-micelar-60-ml\/","title":{"rendered":"Agua Micelar &#8211; 60 ml  &#8211; Zoey Line"},"content":{"rendered":"<div class=\"xdj266r x14z9mp xat24cr x1lziwak x1vvkbs x126k92a\">\n<div dir=\"auto\">Te contamos 10 buenos usos del agua micelar (o agua desmaquillante) para tu piel que a\u00fan no conoc\u00edas, \u00a1toma nota y s\u00e1cale provecho!<\/div>\n<\/div>\n<div class=\"x14z9mp xat24cr x1lziwak x1vvkbs xtlvy1s x126k92a\">\n<div dir=\"auto\">1. El agua micelar es un producto desmaquillante indicado para todo tipo de pieles.<\/div>\n<\/div>\n<div class=\"x14z9mp xat24cr x1lziwak x1vvkbs xtlvy1s x126k92a\">\n<div dir=\"auto\">2. Su \u00e9xito radica en desmaquillar, capturar la suciedad y el sebo de la piel en un solo gesto.<\/div>\n<\/div>\n<div class=\"x14z9mp xat24cr x1lziwak x1vvkbs xtlvy1s x126k92a\">\n<div dir=\"auto\">3. Tras su uso, tu piel no necesita aclarado, pero s\u00ed terminar tu rutina de belleza con tu crema hidratante habitual.<\/div>\n<\/div>\n<div class=\"x14z9mp xat24cr x1lziwak x1vvkbs xtlvy1s x126k92a\">\n<div dir=\"auto\">4. Puedes aplicarlo por la ma\u00f1ana con unos algodoncitos antes de maquillarte, sus propiedades (las miscelas) act\u00faan como imanes que equilibran el ph y tonifican la piel.<\/div>\n<\/div>\n<div class=\"x14z9mp xat24cr x1lziwak x1vvkbs xtlvy1s x126k92a\">\n<div dir=\"auto\">5. Por la noche, \u00fasalo para desmaquillar tu rostro, hidratar y tonificar tu piel. No olvides aplicar a continuaci\u00f3n tu serum y tu crema nutritiva. \u00a1Los resultados son sorprendentes!<\/div>\n<\/div>\n<div class=\"x14z9mp xat24cr x1lziwak x1vvkbs xtlvy1s x126k92a\">\n<div dir=\"auto\">6. Su uso est\u00e1 indicado para desmaquillar todo el rostro, tambi\u00e9n los labios y la delicada zona de los ojos, incluso con f\u00f3rmulas de maquillaje waterproof. Moja un algodoncito con tu agua micelar y deja actuar sobre las pesta\u00f1as, sin hacer presi\u00f3n ni frotar, basta con unos segundos para retirar el maquillaje.<\/div>\n<\/div>\n<div class=\"x14z9mp xat24cr x1lziwak x1vvkbs xtlvy1s x126k92a\">\n<div dir=\"auto\">7. El agua micelar es un excelente aliado de las pieles apagadas y cansadas. Ayuda a recuperar la vitalidad y aporta al rostro m\u00e1s luminosidad.<\/div>\n<\/div>\n<div class=\"x14z9mp xat24cr x1lziwak x1vvkbs xtlvy1s x126k92a\">\n<div dir=\"auto\">8. Las pieles con rojeces suelen reaccionar muy bien con al agua micelar. Este producto es un cl\u00e1sico en nuestra tienda por su acci\u00f3n calmante, que act\u00faa a la vez de t\u00f3nico de belleza, sin riesgo de irritar la piel.<\/div>\n<\/div>\n<div class=\"x14z9mp xat24cr x1lziwak x1vvkbs xtlvy1s x126k92a\">\n<div dir=\"auto\">9. Si tu piel es mixta con tendencia grasa, humedece un algodoncito y haz hincapi\u00e9 en la zona T (frente, barbilla, nariz) para eliminar el exceso de sebo y conseguir un maquillaje a prueba de brillos.<\/div>\n<\/div>\n<div class=\"x14z9mp xat24cr x1lziwak x1vvkbs xtlvy1s x126k92a\">\n<div dir=\"auto\">10. Cuando sientas tus ojos hinchados y cansados, un poco de agua micelar te ayudar\u00e1 a descongestionarlos, eliminar el estr\u00e9s y la tensi\u00f3n del d\u00eda y recuperar la vitalidad en esta zona. El procedimiento es el mismo: humedece un algod\u00f3n y p\u00e1salo suavemente por tus ojos un par de veces. Los sentir\u00e1s m\u00e1s relajados.<\/div>\n<\/div>\n<div class=\"x14z9mp xat24cr x1lziwak x1vvkbs xtlvy1s x126k92a\">\n<div dir=\"auto\">\u00a1Son los beneficios de la nueva era de las aguas desmaquillantes!<\/div>\n<\/div>\n","protected":false},"excerpt":{"rendered":"<p>Las aguas micelares son la manera m\u00e1s sencilla de eliminar todas esas c\u00e9lulas muertas que vamos acumulando, as\u00ed como las part\u00edculas de contaminaci\u00f3n y el maquillaje.Se trata de una soluci\u00f3n de mol\u00e9culas formadas por un polo hidr\u00f3filo (que atrae el agua) y otro lip\u00f3filo (que atrae la grasa) y cuando se juntan, forman precisamente una micela, o sea una especie de im\u00e1n que al pasarla por la piel es capaz de capturar la suciedad.<\/p>\n","protected":false},"featured_media":571,"comment_status":"open","ping_status":"closed","template":"","meta":[],"product_brand":[],"product_cat":[21,50],"product_tag":[20],"class_list":{"0":"post-551","1":"product","2":"type-product","3":"status-publish","4":"has-post-thumbnail","6":"product_cat-limpieza","7":"product_cat-zoeyline","8":"product_tag-limpieza","10":"first","11":"instock","12":"taxable","13":"shipping-taxable","14":"purchasable","15":"product-type-simple"},"_links":{"self":[{"href":"https:\/\/zoeystoregt.com\/index.php\/wp-json\/wp\/v2\/product\/551","targetHints":{"allow":["GET"]}}],"collection":[{"href":"https:\/\/zoeystoregt.com\/index.php\/wp-json\/wp\/v2\/product"}],"about":[{"href":"https:\/\/zoeystoregt.com\/index.php\/wp-json\/wp\/v2\/types\/product"}],"replies":[{"embeddable":true,"href":"https:\/\/zoeystoregt.com\/index.php\/wp-json\/wp\/v2\/comments?post=551"}],"wp:featuredmedia":[{"embeddable":true,"href":"https:\/\/zoeystoregt.com\/index.php\/wp-json\/wp\/v2\/media\/571"}],"wp:attachment":[{"href":"https:\/\/zoeystoregt.com\/index.php\/wp-json\/wp\/v2\/media?parent=551"}],"wp:term":[{"taxonomy":"product_brand","embeddable":true,"href":"https:\/\/zoeystoregt.com\/index.php\/wp-json\/wp\/v2\/product_brand?post=551"},{"taxonomy":"product_cat","embeddable":true,"href":"https:\/\/zoeystoregt.com\/index.php\/wp-json\/wp\/v2\/product_cat?post=551"},{"taxonomy":"product_tag","embeddable":true,"href":"https:\/\/zoeystoregt.com\/index.php\/wp-json\/wp\/v2\/product_tag?post=551"}],"curies":[{"name":"wp","href":"https:\/\/api.w.org\/{rel}","templated":true}]}}