{"id":656,"date":"2025-11-17T17:48:16","date_gmt":"2025-11-17T17:48:16","guid":{"rendered":"https:\/\/zoeystoregt.com\/?post_type=product&#038;p=656"},"modified":"2025-11-19T14:37:40","modified_gmt":"2025-11-19T14:37:40","slug":"toallitas-desmaquillantes-sas-orange","status":"publish","type":"product","link":"https:\/\/zoeystoregt.com\/index.php\/producto\/toallitas-desmaquillantes-sas-orange\/","title":{"rendered":"Toallitas desmaquillantes &#8211; SAS Orange"},"content":{"rendered":"<p>Toallitas desmaquillantes con un delicioso aroma a naranja<\/p>\n<p>Son perfectas para eliminar todo el maquillaje al final del d\u00eda y dejar mi piel sinti\u00e9ndose s\u00faper fresca. Me encanta c\u00f3mo huelen, \u00a1es como un peque\u00f1o spa en casa! Si buscan algo que les d\u00e9 un toque extra de frescura y les ayude a relajarse, \u00a1tienen que probar estas! Definitivamente se han convertido en un esencial en mi rutina nocturna. \u00a1Adi\u00f3s maquillaje, hola piel radiante!<\/p>\n","protected":false},"excerpt":{"rendered":"<p>Toallitas desmaquillantes con un delicioso aroma a naranja Son perfectas para eliminar todo el maquillaje al final del d\u00eda y dejar mi piel sinti\u00e9ndose s\u00faper fresca. Me encanta c\u00f3mo huelen, \u00a1es como un peque\u00f1o spa en casa! Si buscan algo que les d\u00e9 un toque extra de frescura y les ayude a relajarse, \u00a1tienen que [&hellip;]<\/p>\n","protected":false},"featured_media":750,"comment_status":"open","ping_status":"closed","template":"","meta":[],"product_brand":[],"product_cat":[21,27],"product_tag":[],"class_list":{"0":"post-656","1":"product","2":"type-product","3":"status-publish","4":"has-post-thumbnail","6":"product_cat-limpieza","7":"product_cat-maquillaje","9":"first","10":"instock","11":"taxable","12":"shipping-taxable","13":"purchasable","14":"product-type-simple"},"_links":{"self":[{"href":"https:\/\/zoeystoregt.com\/index.php\/wp-json\/wp\/v2\/product\/656","targetHints":{"allow":["GET"]}}],"collection":[{"href":"https:\/\/zoeystoregt.com\/index.php\/wp-json\/wp\/v2\/product"}],"about":[{"href":"https:\/\/zoeystoregt.com\/index.php\/wp-json\/wp\/v2\/types\/product"}],"replies":[{"embeddable":true,"href":"https:\/\/zoeystoregt.com\/index.php\/wp-json\/wp\/v2\/comments?post=656"}],"wp:featuredmedia":[{"embeddable":true,"href":"https:\/\/zoeystoregt.com\/index.php\/wp-json\/wp\/v2\/media\/750"}],"wp:attachment":[{"href":"https:\/\/zoeystoregt.com\/index.php\/wp-json\/wp\/v2\/media?parent=656"}],"wp:term":[{"taxonomy":"product_brand","embeddable":true,"href":"https:\/\/zoeystoregt.com\/index.php\/wp-json\/wp\/v2\/product_brand?post=656"},{"taxonomy":"product_cat","embeddable":true,"href":"https:\/\/zoeystoregt.com\/index.php\/wp-json\/wp\/v2\/product_cat?post=656"},{"taxonomy":"product_tag","embeddable":true,"href":"https:\/\/zoeystoregt.com\/index.php\/wp-json\/wp\/v2\/product_tag?post=656"}],"curies":[{"name":"wp","href":"https:\/\/api.w.org\/{rel}","templated":true}]}}