{"id":771,"date":"2025-11-19T15:26:49","date_gmt":"2025-11-19T15:26:49","guid":{"rendered":"https:\/\/zoeystoregt.com\/?post_type=product&#038;p=771"},"modified":"2025-11-19T15:26:49","modified_gmt":"2025-11-19T15:26:49","slug":"polvo-de-hadas-golden","status":"publish","type":"product","link":"https:\/\/zoeystoregt.com\/index.php\/producto\/polvo-de-hadas-golden\/","title":{"rendered":"Polvo De Hadas &#8211; Golden"},"content":{"rendered":"<div dir=\"auto\">\u00a1Tu polvo de hadas favorito ahora en dorado!<\/div>\n<div dir=\"auto\">Este polvo dorado no solo es hermoso, \u00a1es m\u00e1gico!<\/div>\n<div dir=\"auto\">\u00dasalo para un toque de brillo sobre tu piel, cabello o ropa.<\/div>\n<div dir=\"auto\">Para mayor duraci\u00f3n, s\u00e9llalo con fijador o agua de rosas. \u00a1As\u00ed de f\u00e1cil es brillar todos los d\u00edas!<\/div>\n","protected":false},"excerpt":{"rendered":"<p>\u00a1Tu polvo de hadas favorito ahora en dorado! Este polvo dorado no solo es hermoso, \u00a1es m\u00e1gico! \u00dasalo para un toque de brillo sobre tu piel, cabello o ropa. Para mayor duraci\u00f3n, s\u00e9llalo con fijador o agua de rosas. \u00a1As\u00ed de f\u00e1cil es brillar todos los d\u00edas!<\/p>\n","protected":false},"featured_media":776,"comment_status":"open","ping_status":"closed","template":"","meta":[],"product_brand":[],"product_cat":[27],"product_tag":[],"class_list":{"0":"post-771","1":"product","2":"type-product","3":"status-publish","4":"has-post-thumbnail","6":"product_cat-maquillaje","8":"first","9":"instock","10":"taxable","11":"shipping-taxable","12":"purchasable","13":"product-type-simple"},"_links":{"self":[{"href":"https:\/\/zoeystoregt.com\/index.php\/wp-json\/wp\/v2\/product\/771","targetHints":{"allow":["GET"]}}],"collection":[{"href":"https:\/\/zoeystoregt.com\/index.php\/wp-json\/wp\/v2\/product"}],"about":[{"href":"https:\/\/zoeystoregt.com\/index.php\/wp-json\/wp\/v2\/types\/product"}],"replies":[{"embeddable":true,"href":"https:\/\/zoeystoregt.com\/index.php\/wp-json\/wp\/v2\/comments?post=771"}],"wp:featuredmedia":[{"embeddable":true,"href":"https:\/\/zoeystoregt.com\/index.php\/wp-json\/wp\/v2\/media\/776"}],"wp:attachment":[{"href":"https:\/\/zoeystoregt.com\/index.php\/wp-json\/wp\/v2\/media?parent=771"}],"wp:term":[{"taxonomy":"product_brand","embeddable":true,"href":"https:\/\/zoeystoregt.com\/index.php\/wp-json\/wp\/v2\/product_brand?post=771"},{"taxonomy":"product_cat","embeddable":true,"href":"https:\/\/zoeystoregt.com\/index.php\/wp-json\/wp\/v2\/product_cat?post=771"},{"taxonomy":"product_tag","embeddable":true,"href":"https:\/\/zoeystoregt.com\/index.php\/wp-json\/wp\/v2\/product_tag?post=771"}],"curies":[{"name":"wp","href":"https:\/\/api.w.org\/{rel}","templated":true}]}}