{"id":777,"date":"2025-11-19T15:40:36","date_gmt":"2025-11-19T15:40:36","guid":{"rendered":"https:\/\/zoeystoregt.com\/?post_type=product&#038;p=777"},"modified":"2025-11-19T15:40:36","modified_gmt":"2025-11-19T15:40:36","slug":"parches-para-el-acne-myms","status":"publish","type":"product","link":"https:\/\/zoeystoregt.com\/index.php\/producto\/parches-para-el-acne-myms\/","title":{"rendered":"Parches para el acne &#8211; Myms"},"content":{"rendered":"<p>Estos parches ( Q25.00) para el acn\u00e9 act\u00faan como calcoman\u00edas de grano, entregando ingredientes activos directamente al \u00e1rea objetivo. Traen 70 stickers. Perfecto para uso nocturno. Pelar, pegar, disfrutar! Limpia suavemente y luego seca el \u00e1rea afectada y retira una de las calcoman\u00edas de espinillas de la hoja. Coloque encima de la espinilla y presione firmemente. Deja actuar durante m\u00e1s de 6 horas o durante la noche para obtener los m\u00e1ximos resultados. Adhesi\u00f3n superior: nuestros parches para el acn\u00e9 est\u00e1n hechos de hidrocoloide, proporcionando una excelente adhesi\u00f3n a la piel sin dejar de ser transpirable. Se mantienen firmemente en su lugar incluso durante los movimientos y la presi\u00f3n de la almohada, asegurando un tratamiento nocturno sin irritaci\u00f3n ni enrojecimiento. Ingredientes naturales: Formulados con ingredientes eficaces como \u00e1cido salic\u00edlico, nuestros parches para el acn\u00e9 est\u00e1n dise\u00f1ados para reducir el acn\u00e9, exfoliar y acelerar el proceso de curaci\u00f3n.<\/p>\n","protected":false},"excerpt":{"rendered":"<p>Estos parches ( Q25.00) para el acn\u00e9 act\u00faan como calcoman\u00edas de grano, entregando ingredientes activos directamente al \u00e1rea objetivo. Traen 70 stickers. Perfecto para uso nocturno. Pelar, pegar, disfrutar! Limpia suavemente y luego seca el \u00e1rea afectada y retira una de las calcoman\u00edas de espinillas de la hoja. Coloque encima de la espinilla y presione [&hellip;]<\/p>\n","protected":false},"featured_media":779,"comment_status":"open","ping_status":"closed","template":"","meta":[],"product_brand":[],"product_cat":[25],"product_tag":[],"class_list":{"0":"post-777","1":"product","2":"type-product","3":"status-publish","4":"has-post-thumbnail","6":"product_cat-rostro","8":"first","9":"instock","10":"taxable","11":"shipping-taxable","12":"purchasable","13":"product-type-simple"},"_links":{"self":[{"href":"https:\/\/zoeystoregt.com\/index.php\/wp-json\/wp\/v2\/product\/777","targetHints":{"allow":["GET"]}}],"collection":[{"href":"https:\/\/zoeystoregt.com\/index.php\/wp-json\/wp\/v2\/product"}],"about":[{"href":"https:\/\/zoeystoregt.com\/index.php\/wp-json\/wp\/v2\/types\/product"}],"replies":[{"embeddable":true,"href":"https:\/\/zoeystoregt.com\/index.php\/wp-json\/wp\/v2\/comments?post=777"}],"wp:featuredmedia":[{"embeddable":true,"href":"https:\/\/zoeystoregt.com\/index.php\/wp-json\/wp\/v2\/media\/779"}],"wp:attachment":[{"href":"https:\/\/zoeystoregt.com\/index.php\/wp-json\/wp\/v2\/media?parent=777"}],"wp:term":[{"taxonomy":"product_brand","embeddable":true,"href":"https:\/\/zoeystoregt.com\/index.php\/wp-json\/wp\/v2\/product_brand?post=777"},{"taxonomy":"product_cat","embeddable":true,"href":"https:\/\/zoeystoregt.com\/index.php\/wp-json\/wp\/v2\/product_cat?post=777"},{"taxonomy":"product_tag","embeddable":true,"href":"https:\/\/zoeystoregt.com\/index.php\/wp-json\/wp\/v2\/product_tag?post=777"}],"curies":[{"name":"wp","href":"https:\/\/api.w.org\/{rel}","templated":true}]}}