{"id":804,"date":"2025-11-19T19:52:15","date_gmt":"2025-11-19T19:52:15","guid":{"rendered":"https:\/\/zoeystoregt.com\/?post_type=product&#038;p=804"},"modified":"2025-11-19T19:56:57","modified_gmt":"2025-11-19T19:56:57","slug":"delineador-liquido-kaqi","status":"publish","type":"product","link":"https:\/\/zoeystoregt.com\/index.php\/producto\/delineador-liquido-kaqi\/","title":{"rendered":"Delineador Liquido &#8211; KaQi"},"content":{"rendered":"<p>Es un delineador l\u00edquido con una punta de horquilla fina dise\u00f1ada para crear trazos precisos y de aspecto natural.<\/p>\n<p>El producto es conocido por ser resistente al agua, de larga duraci\u00f3n y de secado r\u00e1pido.<\/p>\n<p>Se utiliza para definir, rellenar y dar forma a las cejas.<\/p>\n","protected":false},"excerpt":{"rendered":"<p>Es un delineador l\u00edquido con una punta de horquilla fina dise\u00f1ada para crear trazos precisos y de aspecto natural. El producto es conocido por ser resistente al agua, de larga duraci\u00f3n y de secado r\u00e1pido. Se utiliza para definir, rellenar y dar forma a las cejas.<\/p>\n","protected":false},"featured_media":806,"comment_status":"open","ping_status":"closed","template":"","meta":[],"product_brand":[],"product_cat":[27,22],"product_tag":[],"class_list":{"0":"post-804","1":"product","2":"type-product","3":"status-publish","4":"has-post-thumbnail","6":"product_cat-maquillaje","7":"product_cat-ojos","9":"first","10":"instock","11":"taxable","12":"shipping-taxable","13":"purchasable","14":"product-type-simple"},"_links":{"self":[{"href":"https:\/\/zoeystoregt.com\/index.php\/wp-json\/wp\/v2\/product\/804","targetHints":{"allow":["GET"]}}],"collection":[{"href":"https:\/\/zoeystoregt.com\/index.php\/wp-json\/wp\/v2\/product"}],"about":[{"href":"https:\/\/zoeystoregt.com\/index.php\/wp-json\/wp\/v2\/types\/product"}],"replies":[{"embeddable":true,"href":"https:\/\/zoeystoregt.com\/index.php\/wp-json\/wp\/v2\/comments?post=804"}],"wp:featuredmedia":[{"embeddable":true,"href":"https:\/\/zoeystoregt.com\/index.php\/wp-json\/wp\/v2\/media\/806"}],"wp:attachment":[{"href":"https:\/\/zoeystoregt.com\/index.php\/wp-json\/wp\/v2\/media?parent=804"}],"wp:term":[{"taxonomy":"product_brand","embeddable":true,"href":"https:\/\/zoeystoregt.com\/index.php\/wp-json\/wp\/v2\/product_brand?post=804"},{"taxonomy":"product_cat","embeddable":true,"href":"https:\/\/zoeystoregt.com\/index.php\/wp-json\/wp\/v2\/product_cat?post=804"},{"taxonomy":"product_tag","embeddable":true,"href":"https:\/\/zoeystoregt.com\/index.php\/wp-json\/wp\/v2\/product_tag?post=804"}],"curies":[{"name":"wp","href":"https:\/\/api.w.org\/{rel}","templated":true}]}}