{"id":810,"date":"2025-11-19T20:21:35","date_gmt":"2025-11-19T20:21:35","guid":{"rendered":"https:\/\/zoeystoregt.com\/?post_type=product&#038;p=810"},"modified":"2025-12-05T16:05:09","modified_gmt":"2025-12-05T16:05:09","slug":"serum-cafeina","status":"publish","type":"product","link":"https:\/\/zoeystoregt.com\/index.php\/producto\/serum-cafeina\/","title":{"rendered":"Serum Cafe\u00edna &#8211; Zoey Line"},"content":{"rendered":"<p>La cafe\u00edna es un ingrediente antiinflamatorio que mejora visiblemente la circulaci\u00f3n en la piel, los que ayuda a rebajar la hinchaz\u00f3n de debajo de los ojos y atenuar las ojeras. Y no solo esto, sus poderes antioxidantes lo convierten en el activo ideal para combatir arruguitas y signos de envejecimiento.<\/p>\n","protected":false},"excerpt":{"rendered":"<p>La cafe\u00edna es un ingrediente antiinflamatorio que mejora visiblemente la circulaci\u00f3n en la piel, los que ayuda a rebajar la hinchaz\u00f3n de debajo de los ojos y atenuar las ojeras. Y no solo esto, sus poderes antioxidantes lo convierten en el activo ideal para combatir arruguitas y signos de envejecimiento.<\/p>\n","protected":false},"featured_media":811,"comment_status":"open","ping_status":"closed","template":"","meta":[],"product_brand":[],"product_cat":[47,50],"product_tag":[],"class_list":{"0":"post-810","1":"product","2":"type-product","3":"status-publish","4":"has-post-thumbnail","6":"product_cat-serum","7":"product_cat-zoeyline","9":"first","10":"instock","11":"taxable","12":"shipping-taxable","13":"purchasable","14":"product-type-simple"},"_links":{"self":[{"href":"https:\/\/zoeystoregt.com\/index.php\/wp-json\/wp\/v2\/product\/810","targetHints":{"allow":["GET"]}}],"collection":[{"href":"https:\/\/zoeystoregt.com\/index.php\/wp-json\/wp\/v2\/product"}],"about":[{"href":"https:\/\/zoeystoregt.com\/index.php\/wp-json\/wp\/v2\/types\/product"}],"replies":[{"embeddable":true,"href":"https:\/\/zoeystoregt.com\/index.php\/wp-json\/wp\/v2\/comments?post=810"}],"wp:featuredmedia":[{"embeddable":true,"href":"https:\/\/zoeystoregt.com\/index.php\/wp-json\/wp\/v2\/media\/811"}],"wp:attachment":[{"href":"https:\/\/zoeystoregt.com\/index.php\/wp-json\/wp\/v2\/media?parent=810"}],"wp:term":[{"taxonomy":"product_brand","embeddable":true,"href":"https:\/\/zoeystoregt.com\/index.php\/wp-json\/wp\/v2\/product_brand?post=810"},{"taxonomy":"product_cat","embeddable":true,"href":"https:\/\/zoeystoregt.com\/index.php\/wp-json\/wp\/v2\/product_cat?post=810"},{"taxonomy":"product_tag","embeddable":true,"href":"https:\/\/zoeystoregt.com\/index.php\/wp-json\/wp\/v2\/product_tag?post=810"}],"curies":[{"name":"wp","href":"https:\/\/api.w.org\/{rel}","templated":true}]}}