{"id":903,"date":"2025-11-24T19:23:14","date_gmt":"2025-11-24T19:23:14","guid":{"rendered":"https:\/\/zoeystoregt.com\/index.php\/producto\/brocha-para-contorno-nariz\/"},"modified":"2025-11-25T17:21:27","modified_gmt":"2025-11-25T17:21:27","slug":"brocha-para-contorno-nariz","status":"publish","type":"product","link":"https:\/\/zoeystoregt.com\/index.php\/producto\/brocha-para-contorno-nariz\/","title":{"rendered":"Brocha para contorno Nariz"},"content":{"rendered":"<p>\u00a1Mi brocha para contorno de nariz es mi secreto mejor guardado! \u00a0La verdad es que la uso todos los d\u00edas y es s\u00faper f\u00e1cil conseguir un acabado incre\u00edble en mi nariz.<\/p>\n","protected":false},"excerpt":{"rendered":"<p>\u00a1Mi brocha para contorno de nariz es mi secreto mejor guardado! \u00a0La verdad es que la uso todos los d\u00edas y es s\u00faper f\u00e1cil conseguir un acabado incre\u00edble en mi nariz.<\/p>\n","protected":false},"featured_media":926,"comment_status":"open","ping_status":"closed","template":"","meta":[],"product_brand":[],"product_cat":[58,27],"product_tag":[],"class_list":{"0":"post-903","1":"product","2":"type-product","3":"status-publish","4":"has-post-thumbnail","6":"product_cat-brochas","7":"product_cat-maquillaje","9":"first","10":"instock","11":"taxable","12":"shipping-taxable","13":"purchasable","14":"product-type-simple"},"_links":{"self":[{"href":"https:\/\/zoeystoregt.com\/index.php\/wp-json\/wp\/v2\/product\/903","targetHints":{"allow":["GET"]}}],"collection":[{"href":"https:\/\/zoeystoregt.com\/index.php\/wp-json\/wp\/v2\/product"}],"about":[{"href":"https:\/\/zoeystoregt.com\/index.php\/wp-json\/wp\/v2\/types\/product"}],"replies":[{"embeddable":true,"href":"https:\/\/zoeystoregt.com\/index.php\/wp-json\/wp\/v2\/comments?post=903"}],"wp:featuredmedia":[{"embeddable":true,"href":"https:\/\/zoeystoregt.com\/index.php\/wp-json\/wp\/v2\/media\/926"}],"wp:attachment":[{"href":"https:\/\/zoeystoregt.com\/index.php\/wp-json\/wp\/v2\/media?parent=903"}],"wp:term":[{"taxonomy":"product_brand","embeddable":true,"href":"https:\/\/zoeystoregt.com\/index.php\/wp-json\/wp\/v2\/product_brand?post=903"},{"taxonomy":"product_cat","embeddable":true,"href":"https:\/\/zoeystoregt.com\/index.php\/wp-json\/wp\/v2\/product_cat?post=903"},{"taxonomy":"product_tag","embeddable":true,"href":"https:\/\/zoeystoregt.com\/index.php\/wp-json\/wp\/v2\/product_tag?post=903"}],"curies":[{"name":"wp","href":"https:\/\/api.w.org\/{rel}","templated":true}]}}