{"id":909,"date":"2025-11-24T19:23:14","date_gmt":"2025-11-24T19:23:14","guid":{"rendered":"https:\/\/zoeystoregt.com\/index.php\/producto\/polvo-traslucido-belenda-beauty-03\/"},"modified":"2025-11-25T17:22:42","modified_gmt":"2025-11-25T17:22:42","slug":"polvo-traslucido-belenda-beauty-03","status":"publish","type":"product","link":"https:\/\/zoeystoregt.com\/index.php\/producto\/polvo-traslucido-belenda-beauty-03\/","title":{"rendered":"Polvo Traslucido  &#8211; Belenda Beauty &#8211; 03"},"content":{"rendered":"<p>\u00a1Amigas, tengo que contarles de este polvo trasl\u00facido beige que me tiene enamorada! <span class=\"html-span xexx8yu xyri2b x18d9i69 x1c1uobl x1hl2dhg x16tdsg8 x1vvkbs x3nfvp2 x1j61x8r x1fcty0u xdj266r xat24cr xm2jcoa x1mpyi22 xxymvpz xlup9mm x1kky2od\"><img loading=\"lazy\" decoding=\"async\" class=\"xz74otr x15mokao x1ga7v0g x16uus16 xbiv7yw\" src=\"https:\/\/static.xx.fbcdn.net\/images\/emoji.php\/v9\/t2\/1\/16\/1f60d.png\" alt=\"\ud83d\ude0d\" width=\"16\" height=\"16\" \/><\/span> Es perfecto para sellar mi maquillaje y que me dure todo el d\u00eda. Adem\u00e1s, \u00a1el precio es s\u00faper accesible, Q39.00! Deja la piel con un acabado mate pero sin verse acartonada.<\/p>\n","protected":false},"excerpt":{"rendered":"<p>\u00a1Amigas, tengo que contarles de este polvo trasl\u00facido beige que me tiene enamorada! Es perfecto para sellar mi maquillaje y que me dure todo el d\u00eda. Adem\u00e1s, \u00a1el precio es s\u00faper accesible, Q39.00! Deja la piel con un acabado mate pero sin verse acartonada.<\/p>\n","protected":false},"featured_media":939,"comment_status":"open","ping_status":"closed","template":"","meta":[],"product_brand":[],"product_cat":[27],"product_tag":[],"class_list":{"0":"post-909","1":"product","2":"type-product","3":"status-publish","4":"has-post-thumbnail","6":"product_cat-maquillaje","8":"first","9":"instock","10":"taxable","11":"shipping-taxable","12":"purchasable","13":"product-type-simple"},"_links":{"self":[{"href":"https:\/\/zoeystoregt.com\/index.php\/wp-json\/wp\/v2\/product\/909","targetHints":{"allow":["GET"]}}],"collection":[{"href":"https:\/\/zoeystoregt.com\/index.php\/wp-json\/wp\/v2\/product"}],"about":[{"href":"https:\/\/zoeystoregt.com\/index.php\/wp-json\/wp\/v2\/types\/product"}],"replies":[{"embeddable":true,"href":"https:\/\/zoeystoregt.com\/index.php\/wp-json\/wp\/v2\/comments?post=909"}],"wp:featuredmedia":[{"embeddable":true,"href":"https:\/\/zoeystoregt.com\/index.php\/wp-json\/wp\/v2\/media\/939"}],"wp:attachment":[{"href":"https:\/\/zoeystoregt.com\/index.php\/wp-json\/wp\/v2\/media?parent=909"}],"wp:term":[{"taxonomy":"product_brand","embeddable":true,"href":"https:\/\/zoeystoregt.com\/index.php\/wp-json\/wp\/v2\/product_brand?post=909"},{"taxonomy":"product_cat","embeddable":true,"href":"https:\/\/zoeystoregt.com\/index.php\/wp-json\/wp\/v2\/product_cat?post=909"},{"taxonomy":"product_tag","embeddable":true,"href":"https:\/\/zoeystoregt.com\/index.php\/wp-json\/wp\/v2\/product_tag?post=909"}],"curies":[{"name":"wp","href":"https:\/\/api.w.org\/{rel}","templated":true}]}}