{"id":915,"date":"2025-11-24T19:23:15","date_gmt":"2025-11-24T19:23:15","guid":{"rendered":"https:\/\/zoeystoregt.com\/index.php\/producto\/paleta-de-sombras-mini-4-colores-dodo-girl\/"},"modified":"2025-11-26T14:40:14","modified_gmt":"2025-11-26T14:40:14","slug":"paleta-de-sombras-mini-4-colores-dodo-girl","status":"publish","type":"product","link":"https:\/\/zoeystoregt.com\/index.php\/producto\/paleta-de-sombras-mini-4-colores-dodo-girl\/","title":{"rendered":"Paleta de Sombras Mini 4 colores &#8211; Dodo Girl"},"content":{"rendered":"<p>\u00a1Me encanta mi nuevo cuarteto de sombras Q29.00! Es s\u00faper pr\u00e1ctico para llevar en la cosmetiquera. Las sombras son peque\u00f1as pero pigmentan un mont\u00f3n. \u00a0Perfectas para looks r\u00e1pidos antes de salir. \u00a1Definitivamente una compra que vali\u00f3 la pena!<\/p>\n","protected":false},"excerpt":{"rendered":"<p>\u00a1Me encanta mi nuevo cuarteto de sombras Q29.00! Es s\u00faper pr\u00e1ctico para llevar en la cosmetiquera. Las sombras son peque\u00f1as pero pigmentan un mont\u00f3n. \u00a0Perfectas para looks r\u00e1pidos antes de salir. \u00a1Definitivamente una compra que vali\u00f3 la pena!<\/p>\n","protected":false},"featured_media":923,"comment_status":"open","ping_status":"closed","template":"","meta":[],"product_brand":[],"product_cat":[27,59],"product_tag":[],"class_list":{"0":"post-915","1":"product","2":"type-product","3":"status-publish","4":"has-post-thumbnail","6":"product_cat-maquillaje","7":"product_cat-sombras","9":"first","10":"instock","11":"taxable","12":"shipping-taxable","13":"purchasable","14":"product-type-simple"},"_links":{"self":[{"href":"https:\/\/zoeystoregt.com\/index.php\/wp-json\/wp\/v2\/product\/915","targetHints":{"allow":["GET"]}}],"collection":[{"href":"https:\/\/zoeystoregt.com\/index.php\/wp-json\/wp\/v2\/product"}],"about":[{"href":"https:\/\/zoeystoregt.com\/index.php\/wp-json\/wp\/v2\/types\/product"}],"replies":[{"embeddable":true,"href":"https:\/\/zoeystoregt.com\/index.php\/wp-json\/wp\/v2\/comments?post=915"}],"wp:featuredmedia":[{"embeddable":true,"href":"https:\/\/zoeystoregt.com\/index.php\/wp-json\/wp\/v2\/media\/923"}],"wp:attachment":[{"href":"https:\/\/zoeystoregt.com\/index.php\/wp-json\/wp\/v2\/media?parent=915"}],"wp:term":[{"taxonomy":"product_brand","embeddable":true,"href":"https:\/\/zoeystoregt.com\/index.php\/wp-json\/wp\/v2\/product_brand?post=915"},{"taxonomy":"product_cat","embeddable":true,"href":"https:\/\/zoeystoregt.com\/index.php\/wp-json\/wp\/v2\/product_cat?post=915"},{"taxonomy":"product_tag","embeddable":true,"href":"https:\/\/zoeystoregt.com\/index.php\/wp-json\/wp\/v2\/product_tag?post=915"}],"curies":[{"name":"wp","href":"https:\/\/api.w.org\/{rel}","templated":true}]}}