{"id":940,"date":"2025-11-24T20:04:54","date_gmt":"2025-11-24T20:04:54","guid":{"rendered":"https:\/\/zoeystoregt.com\/?post_type=product&#038;p=940"},"modified":"2025-11-25T17:19:08","modified_gmt":"2025-11-25T17:19:08","slug":"body-shaper-sticker","status":"publish","type":"product","link":"https:\/\/zoeystoregt.com\/index.php\/producto\/body-shaper-sticker\/","title":{"rendered":"Body Shaper Sticker"},"content":{"rendered":"<p>El paquete contiene 30 parches.<\/p>\n<p>-Se anuncian como una forma de reducir la grasa y ayudar a lograr una apariencia m\u00e1s delgada y contorneada.<br \/>\n-Se aplican en la zona del abdomen y la cintura para ayudar a la quema de grasa y a la reducci\u00f3n de la retenci\u00f3n de l\u00edquidos.<br \/>\n-Algunas versiones de estos parches est\u00e1n dise\u00f1adas con tecnolog\u00eda coreana para aumentar la circulaci\u00f3n y promover la descomposici\u00f3n de la grasa.<br \/>\n-Se presentan como una soluci\u00f3n no invasiva y f\u00e1cil de usar, que se puede llevar bajo la ropa durante las actividades diarias.<\/p>\n","protected":false},"excerpt":{"rendered":"<p>El paquete contiene 30 parches. -Se anuncian como una forma de reducir la grasa y ayudar a lograr una apariencia m\u00e1s delgada y contorneada. -Se aplican en la zona del abdomen y la cintura para ayudar a la quema de grasa y a la reducci\u00f3n de la retenci\u00f3n de l\u00edquidos. -Algunas versiones de estos parches [&hellip;]<\/p>\n","protected":false},"featured_media":942,"comment_status":"open","ping_status":"closed","template":"","meta":[],"product_brand":[],"product_cat":[57],"product_tag":[],"class_list":{"0":"post-940","1":"product","2":"type-product","3":"status-publish","4":"has-post-thumbnail","6":"product_cat-cuerpo","8":"first","9":"instock","10":"taxable","11":"shipping-taxable","12":"purchasable","13":"product-type-simple"},"_links":{"self":[{"href":"https:\/\/zoeystoregt.com\/index.php\/wp-json\/wp\/v2\/product\/940","targetHints":{"allow":["GET"]}}],"collection":[{"href":"https:\/\/zoeystoregt.com\/index.php\/wp-json\/wp\/v2\/product"}],"about":[{"href":"https:\/\/zoeystoregt.com\/index.php\/wp-json\/wp\/v2\/types\/product"}],"replies":[{"embeddable":true,"href":"https:\/\/zoeystoregt.com\/index.php\/wp-json\/wp\/v2\/comments?post=940"}],"wp:featuredmedia":[{"embeddable":true,"href":"https:\/\/zoeystoregt.com\/index.php\/wp-json\/wp\/v2\/media\/942"}],"wp:attachment":[{"href":"https:\/\/zoeystoregt.com\/index.php\/wp-json\/wp\/v2\/media?parent=940"}],"wp:term":[{"taxonomy":"product_brand","embeddable":true,"href":"https:\/\/zoeystoregt.com\/index.php\/wp-json\/wp\/v2\/product_brand?post=940"},{"taxonomy":"product_cat","embeddable":true,"href":"https:\/\/zoeystoregt.com\/index.php\/wp-json\/wp\/v2\/product_cat?post=940"},{"taxonomy":"product_tag","embeddable":true,"href":"https:\/\/zoeystoregt.com\/index.php\/wp-json\/wp\/v2\/product_tag?post=940"}],"curies":[{"name":"wp","href":"https:\/\/api.w.org\/{rel}","templated":true}]}}