{"id":951,"date":"2025-11-25T16:55:58","date_gmt":"2025-11-25T16:55:58","guid":{"rendered":"https:\/\/zoeystoregt.com\/index.php\/producto\/kit-de-brochas-6-ojos-trendy\/"},"modified":"2025-11-25T17:24:08","modified_gmt":"2025-11-25T17:24:08","slug":"kit-de-brochas-6-ojos-trendy","status":"publish","type":"product","link":"https:\/\/zoeystoregt.com\/index.php\/producto\/kit-de-brochas-6-ojos-trendy\/","title":{"rendered":"Kit de brochas 6 ojos &#8211; Trendy"},"content":{"rendered":"<div dir=\"auto\">Es un kit b\u00e1sico infaltable para un maquillaje de ojos.<\/div>\n<div dir=\"auto\">Contiene 6 brochas de pelo sint\u00e9tico.<\/div>\n<div dir=\"auto\">Incluye1 brocha dual para cejas, 1 brocha para delineador, 1 brocha difuminadora grande, 1 brocha plana peque\u00f1a para cortes, 1 brocha plana grande para depositar producto y 1 brocha en punta para precisi\u00f3n.<\/div>\n","protected":false},"excerpt":{"rendered":"<p>Es un kit b\u00e1sico infaltable para un maquillaje de ojos. Contiene 6 brochas de pelo sint\u00e9tico. Incluye1 brocha dual para cejas, 1 brocha para delineador, 1 brocha difuminadora grande, 1 brocha plana peque\u00f1a para cortes, 1 brocha plana grande para depositar producto y 1 brocha en punta para precisi\u00f3n.<\/p>\n","protected":false},"featured_media":962,"comment_status":"open","ping_status":"closed","template":"","meta":[],"product_brand":[],"product_cat":[58,27],"product_tag":[],"class_list":{"0":"post-951","1":"product","2":"type-product","3":"status-publish","4":"has-post-thumbnail","6":"product_cat-brochas","7":"product_cat-maquillaje","9":"first","10":"instock","11":"taxable","12":"shipping-taxable","13":"purchasable","14":"product-type-simple"},"_links":{"self":[{"href":"https:\/\/zoeystoregt.com\/index.php\/wp-json\/wp\/v2\/product\/951","targetHints":{"allow":["GET"]}}],"collection":[{"href":"https:\/\/zoeystoregt.com\/index.php\/wp-json\/wp\/v2\/product"}],"about":[{"href":"https:\/\/zoeystoregt.com\/index.php\/wp-json\/wp\/v2\/types\/product"}],"replies":[{"embeddable":true,"href":"https:\/\/zoeystoregt.com\/index.php\/wp-json\/wp\/v2\/comments?post=951"}],"wp:featuredmedia":[{"embeddable":true,"href":"https:\/\/zoeystoregt.com\/index.php\/wp-json\/wp\/v2\/media\/962"}],"wp:attachment":[{"href":"https:\/\/zoeystoregt.com\/index.php\/wp-json\/wp\/v2\/media?parent=951"}],"wp:term":[{"taxonomy":"product_brand","embeddable":true,"href":"https:\/\/zoeystoregt.com\/index.php\/wp-json\/wp\/v2\/product_brand?post=951"},{"taxonomy":"product_cat","embeddable":true,"href":"https:\/\/zoeystoregt.com\/index.php\/wp-json\/wp\/v2\/product_cat?post=951"},{"taxonomy":"product_tag","embeddable":true,"href":"https:\/\/zoeystoregt.com\/index.php\/wp-json\/wp\/v2\/product_tag?post=951"}],"curies":[{"name":"wp","href":"https:\/\/api.w.org\/{rel}","templated":true}]}}