{"id":99,"date":"2025-11-03T18:41:30","date_gmt":"2025-11-03T18:41:30","guid":{"rendered":"https:\/\/zoeystoregt.com\/?post_type=product&#038;p=99"},"modified":"2025-11-27T14:54:36","modified_gmt":"2025-11-27T14:54:36","slug":"jabon-de-rostro","status":"publish","type":"product","link":"https:\/\/zoeystoregt.com\/index.php\/producto\/jabon-de-rostro\/","title":{"rendered":"Jab\u00f3n de Rostro &#8211; Melon y Pepino &#8211; Zoey Line"},"content":{"rendered":"<div dir=\"auto\">Este jab\u00f3n de rostro dejar\u00e1 tu piel limpia pero no tirante&#8230; Sus ingredientes humectantes permiten dejar tu piel hidratada y tersa!!!<\/div>\n<div dir=\"auto\">\u00dasalo de ma\u00f1ana y de noche, no contiene alcohol!!!<\/div>\n<div dir=\"auto\">Utiliza s\u00f3lo una gota para todo tu rostro<\/div>\n","protected":false},"excerpt":{"rendered":"<p>Este jab\u00f3n de rostro dejar\u00e1 tu piel limpia pero no tirante&#8230; Sus ingredientes humectantes permiten dejar tu piel hidratada y tersa!!! \u00dasalo de ma\u00f1ana y de noche, no contiene alcohol!!! Utiliza s\u00f3lo una gota para todo tu rostro<\/p>\n","protected":false},"featured_media":113,"comment_status":"open","ping_status":"closed","template":"","meta":[],"product_brand":[],"product_cat":[21,50],"product_tag":[],"class_list":{"0":"post-99","1":"product","2":"type-product","3":"status-publish","4":"has-post-thumbnail","6":"product_cat-limpieza","7":"product_cat-zoeyline","9":"first","10":"instock","11":"taxable","12":"shipping-taxable","13":"purchasable","14":"product-type-simple"},"_links":{"self":[{"href":"https:\/\/zoeystoregt.com\/index.php\/wp-json\/wp\/v2\/product\/99","targetHints":{"allow":["GET"]}}],"collection":[{"href":"https:\/\/zoeystoregt.com\/index.php\/wp-json\/wp\/v2\/product"}],"about":[{"href":"https:\/\/zoeystoregt.com\/index.php\/wp-json\/wp\/v2\/types\/product"}],"replies":[{"embeddable":true,"href":"https:\/\/zoeystoregt.com\/index.php\/wp-json\/wp\/v2\/comments?post=99"}],"wp:featuredmedia":[{"embeddable":true,"href":"https:\/\/zoeystoregt.com\/index.php\/wp-json\/wp\/v2\/media\/113"}],"wp:attachment":[{"href":"https:\/\/zoeystoregt.com\/index.php\/wp-json\/wp\/v2\/media?parent=99"}],"wp:term":[{"taxonomy":"product_brand","embeddable":true,"href":"https:\/\/zoeystoregt.com\/index.php\/wp-json\/wp\/v2\/product_brand?post=99"},{"taxonomy":"product_cat","embeddable":true,"href":"https:\/\/zoeystoregt.com\/index.php\/wp-json\/wp\/v2\/product_cat?post=99"},{"taxonomy":"product_tag","embeddable":true,"href":"https:\/\/zoeystoregt.com\/index.php\/wp-json\/wp\/v2\/product_tag?post=99"}],"curies":[{"name":"wp","href":"https:\/\/api.w.org\/{rel}","templated":true}]}}